{"id":306,"date":"2023-09-12T17:04:30","date_gmt":"2023-09-12T17:04:30","guid":{"rendered":"https:\/\/diagnoscilaboratoryjni.pl\/?page_id=306"},"modified":"2023-09-12T17:04:30","modified_gmt":"2023-09-12T17:04:30","slug":"prezydium-krdl","status":"publish","type":"page","link":"https:\/\/new.kidl.org.pl\/?page_id=306","title":{"rendered":"Prezydium KRDL"},"content":{"rendered":"<hr class=\"gtfy-1 gtfy-2 gtfy-3\" \/>\n<div class=\"personel__photo-holder\" style=\"text-align: center;\"><img loading=\"lazy\" decoding=\"async\" class=\"personel__photo aligncenter\" src=\"https:\/\/kidl.org.pl\/get-file\/12935_cropped.jpg\" alt=\"Monika Pintal-\u015alimak\" width=\"300\" height=\"300\" \/><\/div>\n<div class=\"personel__ditails\" style=\"text-align: center;\">\n<h3 class=\"personel__name\">Monika Pintal-\u015alimak<\/h3>\n<p class=\"personel__position\"><em>Prezes Krajowej Rady Diagnost\u00f3w Laboratoryjnych<\/em><\/p>\n<p class=\"personel__email\">E-mail:\u00a0<a class=\"personel__email-link\" href=\"mailto:m.pintal-slimak@kidl.org.pl\" rel=\"nofollow\">m.pintal-slimak@kidl.org.pl<\/a><\/p>\n<p>&nbsp;<\/p>\n<\/div>\n<div class=\"personel__photo-holder\" style=\"text-align: center;\"><img loading=\"lazy\" decoding=\"async\" class=\"personel__photo\" src=\"https:\/\/kidl.org.pl\/get-file\/12936_cropped.jpg\" alt=\"Anna El\u017cbieta Lipnicka\" width=\"300\" height=\"300\" \/><\/div>\n<div class=\"personel__ditails\" style=\"text-align: center;\">\n<h3 class=\"personel__name\">Anna El\u017cbieta Lipnicka<\/h3>\n<p class=\"personel__position\"><em>Wiceprezes KRDL<\/em><\/p>\n<p class=\"personel__email\">E-mail:\u00a0<a class=\"personel__email-link\" href=\"mailto:a.lipnicka@kidl.org.pl\" rel=\"nofollow\">a.lipnicka@kidl.org.pl<\/a><\/p>\n<p>&nbsp;<\/p>\n<\/div>\n<div class=\"personel__photo-holder\" style=\"text-align: center;\"><img loading=\"lazy\" decoding=\"async\" class=\"personel__photo\" src=\"https:\/\/kidl.org.pl\/get-file\/12943_cropped.jpg\" alt=\"Karolina  El\u017cbieta Bukowska-Strakov\u00e1\" width=\"300\" height=\"300\" \/><\/div>\n<div class=\"personel__ditails\" style=\"text-align: center;\">\n<h3 class=\"personel__name\">Karolina El\u017cbieta Bukowska-Strakov\u00e1<\/h3>\n<p class=\"personel__position\"><em>Wiceprezes KRDL<\/em><\/p>\n<p class=\"personel__email\">E-mail:\u00a0<a class=\"personel__email-link\" href=\"mailto:k.bukowska-strakova@kidl.org.pl\" rel=\"nofollow\">k.bukowska-strakova@kidl.org.pl<\/a><\/p>\n<p>&nbsp;<\/p>\n<\/div>\n<div class=\"personel__photo-holder\" style=\"text-align: center;\"><img loading=\"lazy\" decoding=\"async\" class=\"personel__photo\" src=\"https:\/\/kidl.org.pl\/get-file\/12937_cropped.jpg\" alt=\"Mateusz J\u00f3zef Chmielarz\" width=\"300\" height=\"300\" \/><\/div>\n<div class=\"personel__ditails\" style=\"text-align: center;\">\n<h3 class=\"personel__name\">Mateusz J\u00f3zef Chmielarz<\/h3>\n<p class=\"personel__position\"><em>Sekretarz KRDL<\/em><\/p>\n<p class=\"personel__email\">E-mail:\u00a0<a class=\"personel__email-link\" href=\"mailto:m.chmielarz@kidl.org.pl\" rel=\"nofollow\">m.chmielarz@kidl.org.pl<\/a><\/p>\n<\/div>\n<p>&nbsp;<\/p>\n<div class=\"personel__photo-holder\" style=\"text-align: center;\"><img loading=\"lazy\" decoding=\"async\" class=\"personel__photo\" src=\"https:\/\/kidl.org.pl\/get-file\/12940_cropped.jpg\" alt=\"Konrad Krzysztof Grzeszczak\" width=\"301\" height=\"301\" \/><\/div>\n<div class=\"personel__ditails\" style=\"text-align: center;\">\n<h3 class=\"personel__name\">Konrad Krzysztof Grzeszczak<\/h3>\n<p class=\"personel__position\"><em>Skarbnik KRDL<\/em><\/p>\n<p class=\"personel__email\">E-mail:\u00a0<a class=\"personel__email-link\" href=\"mailto:k.grzeszczak@kidl.org.pl\" rel=\"nofollow\">k.grzeszczak@kidl.org.pl<\/a><\/p>\n<\/div>\n<div class=\"personel__ditails\" style=\"text-align: center;\">\n<p>&nbsp;<\/p>\n<\/div>\n<div class=\"personel__photo-holder\" style=\"text-align: center;\"><img loading=\"lazy\" decoding=\"async\" class=\"personel__photo\" src=\"https:\/\/kidl.org.pl\/get-file\/12944_cropped.jpg\" alt=\"Alicja Utracka\" width=\"300\" height=\"300\" \/><\/div>\n<div class=\"personel__ditails\" style=\"text-align: center;\">\n<h3 class=\"personel__name\">Alicja Utracka<\/h3>\n<p class=\"personel__position\"><em>Cz\u0142onek Prezydium KRDL<\/em><\/p>\n<p class=\"personel__email\">E-mail:\u00a0<a class=\"personel__email-link\" href=\"mailto:a.utracka@kidl.org.pl\" rel=\"nofollow\">a.utracka@kidl.org.pl<\/a><\/p>\n<\/div>\n<div class=\"personel__ditails\" style=\"text-align: center;\">\n<p>&nbsp;<\/p>\n<\/div>\n<div class=\"personel__photo-holder\" style=\"text-align: center;\"><img loading=\"lazy\" decoding=\"async\" class=\"personel__photo\" src=\"https:\/\/kidl.org.pl\/get-file\/12938_cropped.jpg\" alt=\"Katarzyna Maria Fischer\" width=\"300\" height=\"300\" \/><\/div>\n<div class=\"personel__ditails\" style=\"text-align: center;\">\n<h3 class=\"personel__name\">Katarzyna Maria Fischer<\/h3>\n<p class=\"personel__position\"><em>Cz\u0142onek Prezydium KRDL<\/em><\/p>\n<p class=\"personel__email\">E-mail:\u00a0<a class=\"personel__email-link\" href=\"mailto:k.fischer@kidl.org.pl\" rel=\"nofollow\">k.fischer@kidl.org.pl<\/a><\/p>\n<p>&nbsp;<\/p>\n<\/div>\n<div class=\"personel__photo-holder\" style=\"text-align: center;\"><img loading=\"lazy\" decoding=\"async\" class=\"personel__photo\" src=\"https:\/\/kidl.org.pl\/get-file\/12941_cropped.jpg\" alt=\"Piotr Pawe\u0142 Brzy\u015bkiewicz\" width=\"300\" height=\"300\" \/><\/div>\n<div class=\"personel__ditails\" style=\"text-align: center;\">\n<h3 class=\"personel__name\">Piotr Pawe\u0142 Brzy\u015bkiewicz<\/h3>\n<p class=\"personel__position\"><em>Cz\u0142onek Prezydium KRDL<br \/>\nPrzewodnicz\u0105cy Komisji ds. Nagr\u00f3d i Odznacze\u0144<\/em><\/p>\n<p class=\"personel__email\">E-mail:\u00a0<a class=\"personel__email-link\" href=\"mailto:p.brzyskiewicz@kidl.org.pl\" rel=\"nofollow\">p.brzyskiewicz@kidl.org.pl<\/a><\/p>\n<p>&nbsp;<\/p>\n<\/div>\n<div class=\"personel__photo-holder\" style=\"text-align: center;\"><img loading=\"lazy\" decoding=\"async\" class=\"personel__photo\" src=\"https:\/\/kidl.org.pl\/get-file\/12942_cropped.jpg\" alt=\"Anna Grudniewska\" width=\"300\" height=\"300\" \/><\/div>\n<div class=\"personel__ditails\" style=\"text-align: center;\">\n<h3 class=\"personel__name\">Anna Grudniewska<\/h3>\n<p class=\"personel__position\"><em>Cz\u0142onek Prezydium KRDL<br \/>\nRedaktor Naczelny &#8222;Diagnosty Laboratoryjnego&#8221;<\/em><\/p>\n<p class=\"personel__email\">E-mail:\u00a0<a class=\"personel__email-link\" href=\"mailto:a.grudniewska@kidl.org.pl\" rel=\"nofollow\">a.grudniewska@kidl.org.pl<\/a><\/p>\n<p>&nbsp;<\/p>\n<\/div>\n<div class=\"personel__photo-holder\" style=\"text-align: center;\"><img loading=\"lazy\" decoding=\"async\" class=\"personel__photo\" src=\"https:\/\/kidl.org.pl\/get-file\/12939_cropped.jpg\" alt=\"Ewa Brzezi\u0144ska\" width=\"300\" height=\"300\" \/><\/div>\n<div class=\"personel__ditails\">\n<h3 class=\"personel__name\" style=\"text-align: center;\">Ewa Brzezi\u0144ska<\/h3>\n<p class=\"personel__position\" style=\"text-align: center;\"><em>Cz\u0142onek Prezydium KRDL<br \/>\nPrzewodnicz\u0105ca Komisji ds. Etyki<\/em><\/p>\n<p class=\"personel__email\" style=\"text-align: center;\">E-mail:\u00a0<a class=\"personel__email-link\" href=\"mailto:e.brzezinska@kidl.org.pl\" rel=\"nofollow\">e.brzezinska@kidl.org.pl<\/a><\/p>\n<\/div>\n","protected":false},"excerpt":{"rendered":"<p>Monika Pintal-\u015alimak Prezes Krajowej Rady Diagnost\u00f3w Laboratoryjnych E-mail:\u00a0m.pintal-slimak@kidl.org.pl &nbsp; Anna El\u017cbieta Lipnicka Wiceprezes KRDL E-mail:\u00a0a.lipnicka@kidl.org.pl [&hellip;]<\/p>\n","protected":false},"author":1,"featured_media":0,"parent":0,"menu_order":0,"comment_status":"closed","ping_status":"closed","template":"","meta":{"footnotes":""},"class_list":["post-306","page","type-page","status-publish","hentry"],"_links":{"self":[{"href":"https:\/\/new.kidl.org.pl\/index.php?rest_route=\/wp\/v2\/pages\/306","targetHints":{"allow":["GET"]}}],"collection":[{"href":"https:\/\/new.kidl.org.pl\/index.php?rest_route=\/wp\/v2\/pages"}],"about":[{"href":"https:\/\/new.kidl.org.pl\/index.php?rest_route=\/wp\/v2\/types\/page"}],"author":[{"embeddable":true,"href":"https:\/\/new.kidl.org.pl\/index.php?rest_route=\/wp\/v2\/users\/1"}],"replies":[{"embeddable":true,"href":"https:\/\/new.kidl.org.pl\/index.php?rest_route=%2Fwp%2Fv2%2Fcomments&post=306"}],"version-history":[{"count":0,"href":"https:\/\/new.kidl.org.pl\/index.php?rest_route=\/wp\/v2\/pages\/306\/revisions"}],"wp:attachment":[{"href":"https:\/\/new.kidl.org.pl\/index.php?rest_route=%2Fwp%2Fv2%2Fmedia&parent=306"}],"curies":[{"name":"wp","href":"https:\/\/api.w.org\/{rel}","templated":true}]}}