{"id":265,"date":"2023-08-10T09:21:15","date_gmt":"2023-08-10T09:21:15","guid":{"rendered":"http:\/\/diagnoscilaboratoryjni.pl\/?page_id=265"},"modified":"2023-08-10T09:21:15","modified_gmt":"2023-08-10T09:21:15","slug":"mediator","status":"publish","type":"page","link":"https:\/\/new.kidl.org.pl\/?page_id=265","title":{"rendered":"MEDIATOR"},"content":{"rendered":"<h4 class=\"gtfy-1 gtfy-2 gtfy-3\">Mediator zosta\u0142 powo\u0142any uchwa\u0142\u0105 nr 118\/VI\/2023 Krajowej Rady Diagnost\u00f3w Laboratoryjnych z dnia 19 maja 2023 w sprawie powo\u0142ania mediatora.<\/h4>\n<p>Zgodnie z art. 92 Ustawy o Medycynie Laboratoryjnej:<\/p>\n<ol>\n<li>Rzecznik Odpowiedzialno\u015bci Zawodowej w czasie post\u0119powania wyja\u015bniaj\u0105cego albo S\u0105d Diagnost\u00f3w Laboratoryjnych albo Wy\u017cszy S\u0105d Diagnost\u00f3w Laboratoryjnych w czasie post\u0119powania przed s\u0105dem mo\u017ce, z inicjatywy lub za zgod\u0105 stron, skierowa\u0107 spraw\u0119 do post\u0119powania mediacyjnego mi\u0119dzy pokrzywdzonym i obwinionym, o kt\u00f3rym mowa w art. 105 ust. 1, lub diagnost\u0105 laboratoryjnym, kt\u00f3rego dotyczy post\u0119powanie.<\/li>\n<li>Post\u0119powanie mediacyjne nie powinno trwa\u0107 d\u0142u\u017cej ni\u017c 2 miesi\u0105ce, a jego okresu nie wlicza si\u0119 do czasu trwania post\u0119powania wyja\u015bniaj\u0105cego.<\/li>\n<li>Krajowa Rada wybiera na okres jednej kadencji godnego zaufania diagnost\u0119 laboratoryjnego, kt\u00f3ry pe\u0142ni w samorz\u0105dzie funkcj\u0119 mediatora.<\/li>\n<li>Mediatorem nie mo\u017ce by\u0107 Rzecznik Odpowiedzialno\u015bci Zawodowej, zast\u0119pca Rzecznika, cz\u0142onek S\u0105du Diagnost\u00f3w Laboratoryjnych oraz cz\u0142onek Wy\u017cszego S\u0105du Diagnost\u00f3w Laboratoryjnych.<\/li>\n<li>Mediator sporz\u0105dza, po przeprowadzeniu post\u0119powania mediacyjnego, sprawozdanie z jego przebiegu i wynik\u00f3w, kt\u00f3re do\u0142\u0105cza si\u0119 do akt sprawy.<\/li>\n<li>Do post\u0119powania mediacyjnego stosuje si\u0119 odpowiednio przepisy ustawy z dnia 6 czerwca 1997 r. \u2013 Kodeks post\u0119powania karnego (Dz. U. z 2022 r. poz. 1375 i 1855) dotycz\u0105ce post\u0119powania mediacyjnego.<\/li>\n<\/ol>\n<p>&nbsp;<\/p>\n<h2 style=\"text-align: center;\">Mediator VI Kadencji<\/h2>\n<div class=\"personel__photo-holder\" style=\"text-align: center;\"><img loading=\"lazy\" decoding=\"async\" class=\"personel__photo alignnone\" src=\"https:\/\/kidl.org.pl\/get-file\/12935_cropped.jpg\" alt=\"Monika Pintal-\u015alimak\" width=\"350\" height=\"350\" \/><\/div>\n<div style=\"text-align: center;\"><\/div>\n<div class=\"personel__ditails\">\n<h3 class=\"personel__name\" style=\"text-align: center;\">Monika Pintal-\u015alimak<\/h3>\n<p style=\"text-align: center;\"><em>Prezes Krajowej Rady Diagnost\u00f3w Laboratoryjnych<\/em><\/p>\n<p class=\"personel__email\" style=\"text-align: center;\">E-mail:\u00a0<a class=\"personel__email-link\" href=\"mailto:m.pintal-slimak@kidl.org.pl\" rel=\"nofollow\">m.pintal-slimak@kidl.org.pl<\/a><\/p>\n<\/div>\n","protected":false},"excerpt":{"rendered":"<p>Mediator zosta\u0142 powo\u0142any uchwa\u0142\u0105 nr 118\/VI\/2023 Krajowej Rady Diagnost\u00f3w Laboratoryjnych z dnia 19 maja 2023 [&hellip;]<\/p>\n","protected":false},"author":1,"featured_media":0,"parent":0,"menu_order":0,"comment_status":"closed","ping_status":"closed","template":"","meta":{"footnotes":""},"class_list":["post-265","page","type-page","status-publish","hentry"],"_links":{"self":[{"href":"https:\/\/new.kidl.org.pl\/index.php?rest_route=\/wp\/v2\/pages\/265","targetHints":{"allow":["GET"]}}],"collection":[{"href":"https:\/\/new.kidl.org.pl\/index.php?rest_route=\/wp\/v2\/pages"}],"about":[{"href":"https:\/\/new.kidl.org.pl\/index.php?rest_route=\/wp\/v2\/types\/page"}],"author":[{"embeddable":true,"href":"https:\/\/new.kidl.org.pl\/index.php?rest_route=\/wp\/v2\/users\/1"}],"replies":[{"embeddable":true,"href":"https:\/\/new.kidl.org.pl\/index.php?rest_route=%2Fwp%2Fv2%2Fcomments&post=265"}],"version-history":[{"count":0,"href":"https:\/\/new.kidl.org.pl\/index.php?rest_route=\/wp\/v2\/pages\/265\/revisions"}],"wp:attachment":[{"href":"https:\/\/new.kidl.org.pl\/index.php?rest_route=%2Fwp%2Fv2%2Fmedia&parent=265"}],"curies":[{"name":"wp","href":"https:\/\/api.w.org\/{rel}","templated":true}]}}