{"id":264,"date":"2023-08-10T09:21:15","date_gmt":"2023-08-10T09:21:15","guid":{"rendered":"http:\/\/diagnoscilaboratoryjni.pl\/?page_id=264"},"modified":"2023-08-10T09:21:15","modified_gmt":"2023-08-10T09:21:15","slug":"zespol-wizytator","status":"publish","type":"page","link":"https:\/\/new.kidl.org.pl\/?page_id=264","title":{"rendered":"ZESP\u00d3\u0141 WIZYTATOR\u00d3W KRDL"},"content":{"rendered":"<div class=\"personel-category__description cms-content gtfy-1 gtfy-2 gtfy-3\">\n<p style=\"text-align: center;\"><strong>Zesp\u00f3\u0142 Wizytator\u00f3w KRDL VI Kadencji<br \/>\n<\/strong>ul. Konopacka 4, 03-428 Warszawa<br \/>\nKontakt tel: +48 22 741 21 55<\/p>\n<p><strong>\u00a0<\/strong><\/p>\n<p>Przewodnicz\u0105ca Zespo\u0142u Wizytator\u00f3w KRDL VI Kadencji &#8211; <strong>Liliana Guzik<\/strong>\u00a0 l.guzik@kidl.org.pl tel. 695-411-089<\/p>\n<p><strong>Cz\u0142onkowie zespo\u0142u wizytator\u00f3w:<br \/>\n<\/strong><\/p>\n<ul>\n<li><\/li>\n<\/ul>\n<p><a href=\"https:\/\/kidl.org.pl\/file\/file\/download?id=12715\">Lista wizytator\u00f3w<\/a><\/p>\n<p>Uchwa\u0142a Nr 55\/VI\/2023 Krajowej Rady Diagnost\u00f3w Laboratoryjnych z dnia 23 lutego 2023 roku w sprawie Regulaminu dzia\u0142alno\u015bci wizytator\u00f3w Krajowej Rady Diagnost\u00f3w Laboratoryjnych w sprawie uchwalenia Regulaminu zakresu i zasad dzia\u0142ania wizytator\u00f3w Krajowej Rady Diagnost\u00f3w Laboratoryjnych;<\/p>\n<p><a href=\"https:\/\/web.archive.org\/web\/20230322202519\/https:\/\/kidl.org.pl\/file\/file\/download?id=12805\">za\u0142\u0105cznik- Regulamin ZW KRDL<\/a><\/p>\n<p>&nbsp;<\/p>\n<p><strong>Nab\u00f3r kandydat\u00f3w na cz\u0142onk\u00f3w Zespo\u0142u Wizytator\u00f3w KRDL<\/strong><\/p>\n<p>Przewodnicz\u0105cy Zespo\u0142u Wizytator\u00f3w (ZW) KRDL og\u0142asza na stronie internetowej KIDL nab\u00f3r diagnost\u00f3w laboratoryjnych (DL) na cz\u0142onk\u00f3w ZW.<\/p>\n<p>Wymagania dla kandydat\u00f3w:<\/p>\n<ul>\n<li>tytu\u0142 specjalisty z jednej z dziedzin diagnostyki laboratoryjnej, w kt\u00f3rej dokonywana jest kontrola i ocena;<\/li>\n<li>nienaganna postawa etyczna (wg pisemnej opinii przedstawiciela KRDL na dane wojew\u00f3dztwo);<\/li>\n<li>co najmniej 10-cio letni sta\u017c pracy w kontrolowanej dziedzinie diagnostyki laboratoryjnej;<\/li>\n<li>uko\u0144czone szkolenia: minimum \u201eAsystent systemu zarz\u0105dzania jako\u015bci\u0105 w MLD\u201d, maximum \u201eAuditor wewn\u0119trzny SZJ w MLD\u201d;<\/li>\n<li>znajomo\u015b\u0107 obowi\u0105zuj\u0105cych przepis\u00f3w dotycz\u0105cych sposobu wykonywania czynno\u015bci diagnostyki laboratoryjnej, funkcjonowania samorz\u0105du diagnost\u00f3w laboratoryjnych i medycznych laboratori\u00f3w diagnostycznych (MLD).<\/li>\n<\/ul>\n<ol>\n<li>Zainteresowani kandydaci sk\u0142adaj\u0105 pisemnie do biura KIDL (Dzia\u0142 Ewidencji Diagnost\u00f3w \u2013 osoba do kontaktu \u2013 Anna Czerwi\u0144ska, tel. 22 741 21 57) swoje CV, dane kontaktowe, opini\u0119 z kopiami dokument\u00f3w potwierdzaj\u0105cymi ich dotychczasowy dorobek zawodowy wraz z uzasadnieniem motywacyjnym, dlaczego chc\u0105 zosta\u0107 wizytatorem KRDL.<\/li>\n<li>Do zg\u0142aszaj\u0105cych si\u0119 diagnost\u00f3w zostanie przes\u0142any zwrotnie drog\u0105 mailow\u0105 zbi\u00f3r obowi\u0105zuj\u0105cych i wymagaj\u0105cych znajomo\u015bci akt\u00f3w prawnych w celu szczeg\u00f3\u0142owego zapoznania si\u0119 z nimi.<\/li>\n<li>Po up\u0142ywie terminu wst\u0119pnej rekrutacji przewodnicz\u0105cy ZW wraz z zast\u0119pc\u0105 zapoznaj\u0105 si\u0119 z nades\u0142anymi dokumentami oraz wyznaczaj\u0105 termin rozmowy kwalifikacyjnej oraz pisemnego testowego egzaminu z zakresu obowi\u0105zuj\u0105cych przepis\u00f3w prawnych reguluj\u0105cych medyczn\u0105 diagnostyk\u0119 laboratoryjn\u0105 (20-30 pyta\u0144). Rozmowa kwalifikacyjna ocenia zdolno\u015bci komunikacyjne i interpersonalne kandydat\u00f3w na wizytator\u00f3w KRDL.<\/li>\n<li>Po pozytywnym zdaniu egzaminu testowego oraz po pozytywnym odbyciu rozmowy kwalifikacyjnej lista kandydat\u00f3w zostanie przedstawiona Prezydium KRDL do w\u0142\u0105czenia diagnost\u00f3w do ZW KRDL.<\/li>\n<li>Po w\u0142\u0105czeniu nowych cz\u0142onk\u00f3w do ZW KRDL uchwa\u0142\u0105 KRDL \u2013 zostanie dla nich przeprowadzone szkolenie w siedzibie KIDL z zasad prowadzenia wizytacji.<\/li>\n<\/ol>\n<p><strong>Obecnie nie jest prowadzony nab\u00f3r do zespo\u0142u wizytator\u00f3w.<\/strong><\/p>\n<p>&nbsp;<\/p>\n<\/div>\n","protected":false},"excerpt":{"rendered":"<p>Zesp\u00f3\u0142 Wizytator\u00f3w KRDL VI Kadencji ul. Konopacka 4, 03-428 Warszawa Kontakt tel: +48 22 741 [&hellip;]<\/p>\n","protected":false},"author":1,"featured_media":0,"parent":0,"menu_order":0,"comment_status":"closed","ping_status":"closed","template":"","meta":{"footnotes":""},"class_list":["post-264","page","type-page","status-publish","hentry"],"_links":{"self":[{"href":"https:\/\/new.kidl.org.pl\/index.php?rest_route=\/wp\/v2\/pages\/264","targetHints":{"allow":["GET"]}}],"collection":[{"href":"https:\/\/new.kidl.org.pl\/index.php?rest_route=\/wp\/v2\/pages"}],"about":[{"href":"https:\/\/new.kidl.org.pl\/index.php?rest_route=\/wp\/v2\/types\/page"}],"author":[{"embeddable":true,"href":"https:\/\/new.kidl.org.pl\/index.php?rest_route=\/wp\/v2\/users\/1"}],"replies":[{"embeddable":true,"href":"https:\/\/new.kidl.org.pl\/index.php?rest_route=%2Fwp%2Fv2%2Fcomments&post=264"}],"version-history":[{"count":0,"href":"https:\/\/new.kidl.org.pl\/index.php?rest_route=\/wp\/v2\/pages\/264\/revisions"}],"wp:attachment":[{"href":"https:\/\/new.kidl.org.pl\/index.php?rest_route=%2Fwp%2Fv2%2Fmedia&parent=264"}],"curies":[{"name":"wp","href":"https:\/\/api.w.org\/{rel}","templated":true}]}}