{"id":262,"date":"2023-08-10T09:21:15","date_gmt":"2023-08-10T09:21:15","guid":{"rendered":"http:\/\/diagnoscilaboratoryjni.pl\/?page_id=262"},"modified":"2023-08-10T09:21:15","modified_gmt":"2023-08-10T09:21:15","slug":"rzecznik-odpowiedzialno","status":"publish","type":"page","link":"https:\/\/new.kidl.org.pl\/?page_id=262","title":{"rendered":"RZECZNIK ODPOWIEDZIALNO\u015aCI ZAWODOWEJ"},"content":{"rendered":"<p class=\"gtfy-1 gtfy-2 gtfy-3\" style=\"text-align: center;\"><strong>Rzecznik Odpowiedzialno\u015bci Zawodowej<br \/>\n<\/strong>ul. Konopacka 4, 03-428 Warszawa<br \/>\nKontakt tel: +48 22 741 21 55, e-mail: <a href=\"mailto:sekretariat_rzecznika@kidl.org.pl\">sekretariat_rzecznika@kidl.org.pl<\/a><\/p>\n<p>&nbsp;<\/p>\n<p>Rzecznik odpowiedzialno\u015bci zawodowej KIDL VI Kadencji &#8211; <strong>Dziedzicka Beata Gra\u017cyna<\/strong><\/p>\n<p><strong>Zast\u0119pcy:<br \/>\n<\/strong>\u2022 B\u0142a\u017cejewska-Burska Iwona<br \/>\n\u2022 Choj\u0119ta Agnieszka Magdalena<br \/>\n\u2022 Po\u0142owniak Anna<br \/>\n\u2022 Trzeciak Patrycja Alicja<\/p>\n<p><em>Rzecznik Odpowiedzialno\u015bci Zawodowej uprzejmie informuje, \u017ce mo\u017ce wszcz\u0105\u0107 post\u0119powanie wyja\u015bniaj\u0105ce, je\u017celi uzyska\u0142 wiarygodn\u0105 informacj\u0119 o przewinieniu zawodowym diagnost\u00f3w laboratoryjnych. Jedynym wymogiem, kt\u00f3ry musi spe\u0142nia\u0107 informacja przekazana Rzecznikowi musi by\u0107 wiarygodno\u015b\u0107.<\/em><\/p>\n<p>W zwi\u0105zku z powy\u017cszym Rzecznik Odpowiedzialno\u015bci Zawodowej informuje, \u017ce:<\/p>\n<p><em>\u2022 Dokumenty przes\u0142ane Rzecznikowi musz\u0105 zawiera\u0107 dane, kt\u00f3re pozwol\u0105 na zidentyfikowanie sprawcy oraz zarzucanego mu czynu;<br \/>\n<\/em><em>\u2022 Rzecznik nie udziela \u017cadnych informacji o prowadzonych sprawach osobom nieupowa\u017cnionym;<\/em><\/p>\n<p><a href=\"https:\/\/kidl.org.pl\/file\/file\/download?id=12613\">Regulamin dzia\u0142ania Rzecznika Odpowiedzialno\u015bci Zawodowej KIDL<\/a><\/p>\n","protected":false},"excerpt":{"rendered":"<p>Rzecznik Odpowiedzialno\u015bci Zawodowej ul. Konopacka 4, 03-428 Warszawa Kontakt tel: +48 22 741 21 55, [&hellip;]<\/p>\n","protected":false},"author":1,"featured_media":0,"parent":0,"menu_order":0,"comment_status":"closed","ping_status":"closed","template":"","meta":{"footnotes":""},"class_list":["post-262","page","type-page","status-publish","hentry"],"_links":{"self":[{"href":"https:\/\/new.kidl.org.pl\/index.php?rest_route=\/wp\/v2\/pages\/262","targetHints":{"allow":["GET"]}}],"collection":[{"href":"https:\/\/new.kidl.org.pl\/index.php?rest_route=\/wp\/v2\/pages"}],"about":[{"href":"https:\/\/new.kidl.org.pl\/index.php?rest_route=\/wp\/v2\/types\/page"}],"author":[{"embeddable":true,"href":"https:\/\/new.kidl.org.pl\/index.php?rest_route=\/wp\/v2\/users\/1"}],"replies":[{"embeddable":true,"href":"https:\/\/new.kidl.org.pl\/index.php?rest_route=%2Fwp%2Fv2%2Fcomments&post=262"}],"version-history":[{"count":0,"href":"https:\/\/new.kidl.org.pl\/index.php?rest_route=\/wp\/v2\/pages\/262\/revisions"}],"wp:attachment":[{"href":"https:\/\/new.kidl.org.pl\/index.php?rest_route=%2Fwp%2Fv2%2Fmedia&parent=262"}],"curies":[{"name":"wp","href":"https:\/\/api.w.org\/{rel}","templated":true}]}}