{"id":258,"date":"2023-08-10T09:21:16","date_gmt":"2023-08-10T09:21:16","guid":{"rendered":"http:\/\/diagnoscilaboratoryjni.pl\/?page_id=258"},"modified":"2023-08-10T09:21:16","modified_gmt":"2023-08-10T09:21:16","slug":"sad-diagnostow","status":"publish","type":"page","link":"https:\/\/new.kidl.org.pl\/?page_id=258","title":{"rendered":"S\u0104D DIAGNOST\u00d3W LABORATORYJNYCH"},"content":{"rendered":"<p class=\"gtfy-1 gtfy-2 gtfy-3\" style=\"text-align: center;\"><strong>S\u0105d Diagnost\u00f3w Laboratoryjnych VI Kadencji<\/strong><br \/>\nadres do korespondencji:<br \/>\n<strong>ul. Konopacka 4, 03-428 Warszawa<\/strong><br \/>\ne-mail:\u00a0<strong>saddlsekretariat@kidl.org.pl<\/strong><\/p>\n<p>&nbsp;<\/p>\n<p>Zgodnie z przepisami ustawy z dnia 15 wrze\u015bnia 2022 r. o medycynie laboratoryjnej (Dz. U. z 2022 r. poz. 2280, dalej jako \u201euml\u201d), S\u0105d Diagnost\u00f3w Laboratoryjnych rozpatruje sprawy w przedmiocie odpowiedzialno\u015bci zawodowej diagnost\u00f3w laboratoryjnych wniesione przez Rzecznika Odpowiedzialno\u015bci Zawodowej (art. 91 ust. 1 uml).<\/p>\n<div class=\"personel-category__description cms-content\">\n<p>Zakres odpowiedzialno\u015bci zawodowej diagnost\u00f3w laboratoryjnych zosta\u0142 dookre\u015blony w art. 100 ust. 1 uml. Zgodnie z ww. przepisem, \u201eDiagno\u015bci laboratoryjni podlegaj\u0105 odpowiedzialno\u015bci zawodowej za zawinione, nienale\u017cyte wykonywanie czynno\u015bci medycyny laboratoryjnej oraz za czyny sprzeczne z zasadami etyki zawodowej lub przepisami dotycz\u0105cymi wykonywania czynno\u015bci medycyny laboratoryjnej.\u201d. Nale\u017cy zatem stwierdzi\u0107, \u017ce spraw\u0105 z zakresu odpowiedzialno\u015bci zawodowej mo\u017ce by\u0107 zachowanie diagnosty laboratoryjnego, polegaj\u0105ce na: nienale\u017cytym wykonywaniu czynno\u015bci medycyny laboratoryjnej, dzia\u0142aniu sprzecznym z zasadami etyki zawodowej lub dzia\u0142aniu sprzecznym z przepisami dotycz\u0105cymi wykonywania czynno\u015bci medycyny laboratoryjnej.<\/p>\n<p>Post\u0119powanie przed S\u0105dem Diagnost\u00f3w Laboratoryjnych inicjuje wniosek Rzecznika Odpowiedzialno\u015bci Zawodowej. Wniosek ten, po sprawdzeniu go pod wzgl\u0119dem formalnoprawnym przez S\u0105d Diagnost\u00f3w Laboratoryjnych, jest przesy\u0142any do obwinionego. Za obwinionego uwa\u017ca si\u0119 diagnost\u0119 laboratoryjnego, wobec kt\u00f3rego w toku post\u0119powania wyja\u015bniaj\u0105cego Rzecznik Odpowiedzialno\u015bci Zawodowej wyda\u0142 postanowienie o przedstawieniu zarzut\u00f3w lub przeciwko kt\u00f3remu skierowa\u0142 do S\u0105du Diagnost\u00f3w Laboratoryjnych wniosek o ukaranie. Obwiniony mo\u017ce ustanowi\u0107 nie wi\u0119cej ni\u017c dw\u00f3ch obro\u0144c\u00f3w spo\u015br\u00f3d diagnost\u00f3w laboratoryjnych, adwokat\u00f3w lub radc\u00f3w prawnych.<\/p>\n<p>Od orzeczenia S\u0105du Diagnost\u00f3w Laboratoryjnych stronom przys\u0142uguje odwo\u0142anie do Wy\u017cszego S\u0105du Diagnost\u00f3w Laboratoryjnych w terminie 14 dni od dnia dor\u0119czenia orzeczenia. Odwo\u0142anie wnosi si\u0119 za po\u015brednictwem S\u0105du Diagnost\u00f3w Laboratoryjnych.<\/p>\n<p>S\u0105d Diagnost\u00f3w Laboratoryjnych mo\u017ce orzec nast\u0119puj\u0105ce kary:<\/p>\n<p>1) upomnienie;<\/p>\n<p>2) nagana;<\/p>\n<p>3) kara pieni\u0119\u017cna;<\/p>\n<p>4) zakaz pe\u0142nienia funkcji kierowniczych w jednostkach organizacyjnych ochrony zdrowia na okres od roku do 5 lat; 5) ograniczenie wykonywania okre\u015blonych czynno\u015bci medycyny laboratoryjnej przez diagnost\u0119 laboratoryjnego na okres od 6 miesi\u0119cy do 2 lat; 6) zawieszenie prawa wykonywania zawodu diagnosty laboratoryjnego na okres od roku do 5 lat; 7) pozbawienie prawa wykonywania zawodu diagnosty laboratoryjnego.<\/p>\n<p>Orzeczenie S\u0105du Diagnost\u00f3w Laboratoryjnych zawiera postanowienie o kosztach post\u0119powania. W razie ukarania obwinionego ponosi on koszty post\u0119powania, chyba \u017ce S\u0105d Diagnost\u00f3w Laboratoryjnych postanowi inaczej. W razie uniewinnienia obwinionego lub umorzenia post\u0119powania koszty post\u0119powania ponosi Krajowa Izba Diagnost\u00f3w Laboratoryjnych.<\/p>\n<p>Szczeg\u00f3\u0142owe zasady post\u0119powania w przedmiocie odpowiedzialno\u015bci zawodowej zosta\u0142y uregulowane w art. 100-141 uml.<\/p>\n<h2>S\u0119dziowie S\u0105du Diagnost\u00f3w Laboratoryjnych VI Kadencji:<\/h2>\n<ul>\n<li>\n<h3>Anna Z\u0105bek-Adamska \u2013 Przewodnicz\u0105ca S\u0105du Diagnost\u00f3w Laboratoryjnych<\/h3>\n<\/li>\n<li>\n<h3>Dorota \u017bochowska \u2013 Wiceprzewodnicz\u0105ca S\u0105du Diagnost\u00f3w Laboratoryjnych<\/h3>\n<\/li>\n<li>\n<h3>Beata Jab\u0142o\u0144ska &#8211; Wiceprzewodnicz\u0105ca S\u0105du Diagnost\u00f3w Laboratoryjnych<\/h3>\n<\/li>\n<li>\n<h3>Micha\u0142 Bartosik<\/h3>\n<\/li>\n<li>\n<h3>Karolina Gajewska<\/h3>\n<\/li>\n<li>\n<h3>Aleksandra Gali\u0144ska-Knapik<\/h3>\n<\/li>\n<li>\n<h3>Patrycja Jagodzi\u0144ska<\/h3>\n<\/li>\n<li>\n<h3>Barbara \u0141\u0105tkowska<\/h3>\n<\/li>\n<li>\n<h3>Ahmed Manasar<\/h3>\n<\/li>\n<li>\n<h3>Adrian Miara<\/h3>\n<\/li>\n<li>\n<h3>Marta Myszka-Koz\u0142owska<\/h3>\n<\/li>\n<li>\n<h3>Jolanta Ostrowska-Gonazles<\/h3>\n<\/li>\n<li>\n<h3>Kamila Szuba-Aderek<\/h3>\n<\/li>\n<li>\n<h3>Sandra Wro\u0144ska<\/h3>\n<\/li>\n<\/ul>\n<\/div>\n","protected":false},"excerpt":{"rendered":"<p>S\u0105d Diagnost\u00f3w Laboratoryjnych VI Kadencji adres do korespondencji: ul. Konopacka 4, 03-428 Warszawa e-mail:\u00a0saddlsekretariat@kidl.org.pl &nbsp; [&hellip;]<\/p>\n","protected":false},"author":1,"featured_media":0,"parent":0,"menu_order":0,"comment_status":"closed","ping_status":"closed","template":"","meta":{"footnotes":""},"class_list":["post-258","page","type-page","status-publish","hentry"],"_links":{"self":[{"href":"https:\/\/new.kidl.org.pl\/index.php?rest_route=\/wp\/v2\/pages\/258","targetHints":{"allow":["GET"]}}],"collection":[{"href":"https:\/\/new.kidl.org.pl\/index.php?rest_route=\/wp\/v2\/pages"}],"about":[{"href":"https:\/\/new.kidl.org.pl\/index.php?rest_route=\/wp\/v2\/types\/page"}],"author":[{"embeddable":true,"href":"https:\/\/new.kidl.org.pl\/index.php?rest_route=\/wp\/v2\/users\/1"}],"replies":[{"embeddable":true,"href":"https:\/\/new.kidl.org.pl\/index.php?rest_route=%2Fwp%2Fv2%2Fcomments&post=258"}],"version-history":[{"count":0,"href":"https:\/\/new.kidl.org.pl\/index.php?rest_route=\/wp\/v2\/pages\/258\/revisions"}],"wp:attachment":[{"href":"https:\/\/new.kidl.org.pl\/index.php?rest_route=%2Fwp%2Fv2%2Fmedia&parent=258"}],"curies":[{"name":"wp","href":"https:\/\/api.w.org\/{rel}","templated":true}]}}