{"id":257,"date":"2023-08-10T09:21:16","date_gmt":"2023-08-10T09:21:16","guid":{"rendered":"http:\/\/diagnoscilaboratoryjni.pl\/?page_id=257"},"modified":"2023-08-10T09:21:16","modified_gmt":"2023-08-10T09:21:16","slug":"komisja-rewiz","status":"publish","type":"page","link":"https:\/\/new.kidl.org.pl\/?page_id=257","title":{"rendered":"KOMISJA REWIZYJNA"},"content":{"rendered":"<p><strong class=\"gtfy-1 gtfy-2 gtfy-3\">Komisja Rewizyjna<\/strong> kontroluje bie\u017c\u0105c\u0105 dzia\u0142alno\u015b\u0107 finansow\u0105 i gospodarcz\u0105 organ\u00f3w Izby, a w szczeg\u00f3lno\u015bci:<\/p>\n<ul>\n<li>przeprowadza co najmniej raz w roku kontrol\u0119 ca\u0142okszta\u0142tu dzia\u0142alno\u015bci finansowej i gospodarczej Izby,<\/li>\n<li>wyst\u0119puje do Krajowej Rady (KRDL) z wnioskami wynikaj\u0105cymi z ustale\u0144 kontroli i zaleceniami dotycz\u0105cymi usuni\u0119cia uchybie\u0144,<\/li>\n<li>zatwierdza roczne sprawozdania finansowe i gospodarcze Izby,<\/li>\n<li>sk\u0142ada sprawozdanie\u00a0 Krajowemu Zjazdowi i wyst\u0119puje z wnioskiem o udzielenie absolutorium Radzie,<\/li>\n<li>wyst\u0119puje do Rady z wnioskiem o zwo\u0142anie Nadzwyczajnego Krajowego Zjazdu Diagnost\u00f3w Laboratoryjnych.<\/li>\n<\/ul>\n<p>Posiedzenia\u00a0<strong>Komisji Rewizyjnej\u00a0<\/strong>odbywaj\u0105 si\u0119 w miar\u0119 potrzeb, jednak nie rzadziej ni\u017c raz na sze\u015b\u0107 miesi\u0119cy. Komisja ma tak\u017ce uprawnienie do kontroli dzia\u0142\u00f3w Biura Izby. Kontrole prowadzone przez Komisj\u0119, przeprowadzane s\u0105 w przynajmniej 3 osobowym sk\u0142adzie. Po ka\u017cdej kontroli oraz posiedzeniu Komisji, sporz\u0105dzany jest protok\u00f3\u0142, kt\u00f3ry przekazywany jest przez Przewodnicz\u0105cego Komisji Krajowej Radzie Diagnost\u00f3w Laboratoryjnych oraz kontrolowanemu dzia\u0142owi Biura Izby (je\u017celi dotyczy). Powy\u017csze dokumenty mog\u0105 zawiera\u0107 wnioski i zalecenia dla Krajowej Rady i powininny by\u0107 przedmiotem obrad najbli\u017cszego posiedzenia KRDL. <strong>Komisja Rewizyjna<\/strong>\u00a0sk\u0142ada Radzie opini\u0119 dotycz\u0105c\u0105 sprawozdania z wykonania planu dochod\u00f3w i wydatk\u00f3w oraz na wniosek Prezesa Rady opiniuje zamierzenia finansowe i gospodarcze Rady.<\/p>\n<p>Szczeg\u00f3\u0142owy tryb dzia\u0142ania i zakres pracy Komisji Rewizyjnej okre\u015bla regulamin uchwalony przez Krajowy Zjazd Diagnost\u00f3w Laboratoryjnych.<\/p>\n<p>&nbsp;<\/p>\n<h3><strong>Sk\u0142ad Komisji Rewizyjnej VI Kadencji:<\/strong><\/h3>\n<div class=\"personel__ditails\">\n<h4>Justyna Marynowska &#8211; <em>Przewodnicz\u0105ca<\/em><\/h4>\n<h4>Karolina Biernot-Pamu\u0142a<\/h4>\n<h4>Dorota Krawiecka<\/h4>\n<h4 class=\"personel__ditails\">Marcin Jan Sawicki<\/h4>\n<h4 class=\"personel__ditails\">Micha\u0142 Grzegorz Swoboda<\/h4>\n<h4 class=\"personel__ditails\">Karol Torz<\/h4>\n<h4 class=\"personel__ditails\">Jacek Zeuschner<\/h4>\n<p>&nbsp;<\/p>\n<\/div>\n<h2>Pliki do pobrania:<\/h2>\n<ul>\n<li>[Nie znaleziono pliku]<\/li>\n<\/ul>\n","protected":false},"excerpt":{"rendered":"<p>Komisja Rewizyjna kontroluje bie\u017c\u0105c\u0105 dzia\u0142alno\u015b\u0107 finansow\u0105 i gospodarcz\u0105 organ\u00f3w Izby, a w szczeg\u00f3lno\u015bci: przeprowadza co [&hellip;]<\/p>\n","protected":false},"author":1,"featured_media":0,"parent":0,"menu_order":0,"comment_status":"closed","ping_status":"closed","template":"","meta":{"footnotes":""},"class_list":["post-257","page","type-page","status-publish","hentry"],"_links":{"self":[{"href":"https:\/\/new.kidl.org.pl\/index.php?rest_route=\/wp\/v2\/pages\/257","targetHints":{"allow":["GET"]}}],"collection":[{"href":"https:\/\/new.kidl.org.pl\/index.php?rest_route=\/wp\/v2\/pages"}],"about":[{"href":"https:\/\/new.kidl.org.pl\/index.php?rest_route=\/wp\/v2\/types\/page"}],"author":[{"embeddable":true,"href":"https:\/\/new.kidl.org.pl\/index.php?rest_route=\/wp\/v2\/users\/1"}],"replies":[{"embeddable":true,"href":"https:\/\/new.kidl.org.pl\/index.php?rest_route=%2Fwp%2Fv2%2Fcomments&post=257"}],"version-history":[{"count":0,"href":"https:\/\/new.kidl.org.pl\/index.php?rest_route=\/wp\/v2\/pages\/257\/revisions"}],"wp:attachment":[{"href":"https:\/\/new.kidl.org.pl\/index.php?rest_route=%2Fwp%2Fv2%2Fmedia&parent=257"}],"curies":[{"name":"wp","href":"https:\/\/api.w.org\/{rel}","templated":true}]}}