{"id":240,"date":"2023-08-09T20:29:14","date_gmt":"2023-08-09T20:29:14","guid":{"rendered":"http:\/\/diagnoscilaboratoryjni.pl\/?page_id=240"},"modified":"2023-08-09T20:29:14","modified_gmt":"2023-08-09T20:29:14","slug":"organy-kidl","status":"publish","type":"page","link":"https:\/\/new.kidl.org.pl\/?page_id=240","title":{"rendered":"Organy KIDL"},"content":{"rendered":"\n<p class=\"gutenify-section-10056420-36ea-11ee-9c22-ad6acfd66ae1 gtfy-1\">W okresach pomi\u0119dzy zjazdami, prac\u0105 samorz\u0105du kieruje <strong>Krajowa Rada Diagnost\u00f3w Laboratoryjnych (KRDL).<\/strong> Cia\u0142o kolegialne, z\u0142o\u017cone z Prezesa KRDL, 35 przedstawicieli wszystkich wojew\u00f3dztw oraz dw\u00f3ch przedstawicieli <em>M\u0142odych Diagnost\u00f3w<\/em>, czyli Diagnost\u00f3w Laboratoryjnych, kt\u00f3rzy nie uko\u0144czyli 35 roku \u017cycia. Krajowa Rada Diagnost\u00f3w Laboratoryjnych wybierana jest na <strong>Krajowym Zje\u017adzie Diagnost\u00f3w Laboratoryjnych<\/strong> i jej kadencja trwa 4 lata. <\/p>\n\n\n\n<p class=\"gutenify-section-00cf1590-36eb-11ee-9c22-ad6acfd66ae1 gtfy-5\">Na pierwszym posiedzeniu KRDL nowej kadencji, spo\u015br\u00f3d cz\u0142onk\u00f3w tego organu, wybierane jest <strong>Prezydium Krajowej Rady Diagnost\u00f3w Laboratoryjnych (PKRDL). <\/strong>Prezydium tworz\u0105 Prezes oraz Wiceprezesi, Sekretarz, Skarbnik i cz\u0142onkowie prezydium. <strong>Prezydium<\/strong> dzia\u0142a zgodnie z regulaminem, w granicach okre\u015blonych przez KRDL i przed ni\u0105 odpowiada.<\/p>\n\n\n\n<p class=\"gutenify-section-67ac1790-36eb-11ee-9c22-ad6acfd66ae1 gtfy-9\"><strong>Prezes KRDL:<\/strong><br>&#8211; Reprezentuje Krajow\u0105 Rad\u0119 Diagnost\u00f3w Laboratoryjnych,<br>&#8211; Kieruje jej pracami,<br>&#8211; Przewodniczy posiedzeniom Rady.<\/p>\n\n\n\n<p class=\"gutenify-section-b8b30ae0-36eb-11ee-9c22-ad6acfd66ae1 gtfy-13\"><strong>Wiceprezesi KRDL:<\/strong><\/p>\n\n\n\n<p class=\"gutenify-section-c023f320-36eb-11ee-9c22-ad6acfd66ae1 gtfy-17\"><strong>Sekretarz KRDL:<\/strong><\/p>\n\n\n\n<p class=\"gutenify-section-ca9ac860-36eb-11ee-9c22-ad6acfd66ae1 gtfy-21\"><strong>Skarbnik KRDL:<\/strong><\/p>\n\n\n\n<p class=\"gutenify-section-3f83dab0-36f4-11ee-a2a5-37543d50c8ad gtfy-25\"><strong>Komisja Rewizyjna<\/strong> powo\u0142ana jest przez Zjazd w celu wykonywania czynno\u015bci kontrolnych dzia\u0142alno\u015bci finansowej i maj\u0105tkowej Izby.<\/p>\n\n\n\n<p class=\"gutenify-section-3f844fe0-36f4-11ee-a2a5-37543d50c8ad gtfy-29\"><strong>S\u0105d Dyscyplinarny i Wy\u017cszy S\u0105d Dyscyplinarny<\/strong> rozpatruj\u0105 sprawy dyscyplinarne diagnost\u00f3w laboratoryjnych. W pierwszej instancji rozpatruje S\u0105d Dyscyplinarny, w drugiej instancji &#8211; Wy\u017cszy S\u0105d Dyscyplinarny. <br>Przewodnicz\u0105cy S\u0105du Dyscyplinarnego i przewodnicz\u0105cy Wy\u017cszego S\u0105du Dyscyplinarnego kieruj\u0105 s\u0105dami, a w szczeg\u00f3lno\u015bci:<\/p>\n\n\n\n<ul class=\"gutenify-section-3f8624a0-36f4-11ee-a2a5-37543d50c8ad wp-block-list gtfy-37\">\n<li class=\"gutenify-section-3f84c510-36f4-11ee-a2a5-37543d50c8ad gtfy-33 gutenify-list-item\">zaznajamiaj\u0105 si\u0119 z pismami wp\u0142ywaj\u0105cymi do s\u0105du i wydaj\u0105 odpowiednie zarz\u0105dzenia,<\/li>\n\n\n\n<li class=\"gutenify-section-3f853a40-36f4-11ee-a2a5-37543d50c8ad gtfy-34 gutenify-list-item\">zapewniaj\u0105 stronom mo\u017cliwo\u015b\u0107 przegl\u0105dania akt sprawy,<\/li>\n\n\n\n<li class=\"gutenify-section-3f858860-36f4-11ee-a2a5-37543d50c8ad gtfy-35 gutenify-list-item\">organizuj\u0105 spotkania s\u0119dzi\u00f3w dla om\u00f3wienia zagadnie\u0144 prawnych budz\u0105cych w\u0105tpliwo\u015bci oraz dla om\u00f3wienia zagadnie\u0144 organizacyjnych, usprawniaj\u0105cych i doskonal\u0105cych przebieg post\u0119powania dyscyplinarnego,<\/li>\n\n\n\n<li class=\"gutenify-section-3f85d680-36f4-11ee-a2a5-37543d50c8ad gtfy-36 gutenify-list-item\">zapewniaj\u0105 sprawn\u0105, prawid\u0142ow\u0105 i terminow\u0105 prac\u0119 obs\u0142ugi administracyjnej s\u0105du.<\/li>\n<\/ul>\n\n\n\n<p class=\"gutenify-section-3f8672c0-36f4-11ee-a2a5-37543d50c8ad gtfy-41\"><strong>Zesp\u00f3\u0142 Wizytator\u00f3w<\/strong> kontroluje i ocenia wykonywanie czynno\u015bci diagnostyki laboratoryjnej przez diagnost\u00f3w laboratoryjnych w medycznych laboratoriach diagnostycznych.<\/p>\n\n\n\n<p class=\"gutenify-section-3f8931e0-36f4-11ee-a2a5-37543d50c8ad gtfy-45\"><strong>Rzecznik Dyscyplinarny<\/strong> lub jego zast\u0119pca z upowa\u017cnienia Rzecznika Dyscyplinarnego wykonuje czynno\u015bci oskar\u017cyciela w post\u0119powaniu przed s\u0105dami dyscyplinarnymi. Rzecznik Dyscyplinarny sprawuje nadz\u00f3r nad wykonywaniem obowi\u0105zk\u00f3w okre\u015blonych prawem przez diagnost\u00f3w laboratoryjnych, a tak\u017ce przestrzeganiem przez nich zasad etyki zawodowej. Post\u0119powanie przed S\u0105dem Dyscyplinarnym wszczynane jest wy\u0142\u0105cznie na wniosek Rzecznika Dyscyplinarnego.<\/p>\n\n\n\n<p class=\"gutenify-section-b39ffce0-36f8-11ee-a2a5-37543d50c8ad gtfy-49\"><strong>Mediator<\/strong> to nowa funkcja, zapisana w art. 92 Ustawy o Medycynie Laboratoryjnej. Mediatorem jest zaufany Diagnosta Laboratoryjny, kt\u00f3ry prowadzi post\u0119powanie mediacyjne. Rzecznik w czasie post\u0119powania wyja\u015bniaj\u0105cego albo S\u0105d Diagnost\u00f3w Laboratoryjnych albo Wy\u017cszy S\u0105d Diagnost\u00f3w Laboratoryjnych w czasie post\u0119powania przed s\u0105dem mo\u017ce, z inicjatywy lub za zgod\u0105 stron, skierowa\u0107 spraw\u0119 do post\u0119powania mediacyjnego mi\u0119dzy pokrzywdzonym i obwinionym, o kt\u00f3rym mowa w art. 105 ust. 1, lub diagnost\u0105 laboratoryjnym, kt\u00f3rego dotyczy post\u0119powanie.<\/p>\n\n\n\n<p class=\"gutenify-section-b3a30a20-36f8-11ee-a2a5-37543d50c8ad gtfy-53\">Od VI Krajowego Zjazdu Diagnost\u00f3w Laboratoryjnych, kt\u00f3ry odby\u0142 si\u0119 w dniach 15-16 grudnia 2023 roku trwa VI kadencja wszystkich organ\u00f3w KIDL.<\/p>\n\n\n\n<ol class=\"gutenify-section-b3a74fe0-36f8-11ee-a2a5-37543d50c8ad wp-block-list gtfy-57\"><\/ol>\n","protected":false},"excerpt":{"rendered":"<p>W okresach pomi\u0119dzy zjazdami, prac\u0105 samorz\u0105du kieruje Krajowa Rada Diagnost\u00f3w Laboratoryjnych (KRDL). Cia\u0142o kolegialne, z\u0142o\u017cone [&hellip;]<\/p>\n","protected":false},"author":1,"featured_media":0,"parent":0,"menu_order":0,"comment_status":"closed","ping_status":"closed","template":"","meta":{"footnotes":""},"class_list":["post-240","page","type-page","status-publish","hentry"],"_links":{"self":[{"href":"https:\/\/new.kidl.org.pl\/index.php?rest_route=\/wp\/v2\/pages\/240","targetHints":{"allow":["GET"]}}],"collection":[{"href":"https:\/\/new.kidl.org.pl\/index.php?rest_route=\/wp\/v2\/pages"}],"about":[{"href":"https:\/\/new.kidl.org.pl\/index.php?rest_route=\/wp\/v2\/types\/page"}],"author":[{"embeddable":true,"href":"https:\/\/new.kidl.org.pl\/index.php?rest_route=\/wp\/v2\/users\/1"}],"replies":[{"embeddable":true,"href":"https:\/\/new.kidl.org.pl\/index.php?rest_route=%2Fwp%2Fv2%2Fcomments&post=240"}],"version-history":[{"count":0,"href":"https:\/\/new.kidl.org.pl\/index.php?rest_route=\/wp\/v2\/pages\/240\/revisions"}],"wp:attachment":[{"href":"https:\/\/new.kidl.org.pl\/index.php?rest_route=%2Fwp%2Fv2%2Fmedia&parent=240"}],"curies":[{"name":"wp","href":"https:\/\/api.w.org\/{rel}","templated":true}]}}