{"id":230,"date":"2023-08-09T19:56:03","date_gmt":"2023-08-09T19:56:03","guid":{"rendered":"http:\/\/diagnoscilaboratoryjni.pl\/?page_id=230"},"modified":"2023-08-09T19:56:03","modified_gmt":"2023-08-09T19:56:03","slug":"krajowa-izba-diagnostow-laboratoryjnych-2","status":"publish","type":"page","link":"https:\/\/new.kidl.org.pl\/?page_id=230","title":{"rendered":"Krajowa Izba Diagnost\u00f3w Laboratoryjnych"},"content":{"rendered":"\n<figure class=\"wp-block-image alignleft size-full is-resized gutenify-section-510638f0-36ef-11ee-9c22-ad6acfd66ae1 gtfy-1\"><img loading=\"lazy\" decoding=\"async\" src=\"https:\/\/new.kidl.org.pl\/wp-content\/uploads\/2023\/08\/Obszar-roboczy-12-1.png\" alt=\"\" class=\"wp-image-237\" style=\"width:288px;height:272px\" width=\"288\" height=\"272\" srcset=\"https:\/\/new.kidl.org.pl\/wp-content\/uploads\/2023\/08\/Obszar-roboczy-12-1.png 486w, https:\/\/new.kidl.org.pl\/wp-content\/uploads\/2023\/08\/Obszar-roboczy-12-1-300x283.png 300w\" sizes=\"auto, (max-width: 288px) 100vw, 288px\" \/><figcaption class=\"wp-element-caption\">Logo KIDL<\/figcaption><\/figure>\n\n\n\n<p class=\"gutenify-section-421ccb80-36e8-11ee-9c22-ad6acfd66ae1 gtfy-5\">Krajowa Izba Diagnost\u00f3w Laboratoryjnych (KIDL) powsta\u0142a na mocy ustawy z dnia 27 lipca 2001 r. i stanowi jeden z kilkunastu samorz\u0105d\u00f3w zawodu zaufania publicznego. Obecnie funkcjonuje na podstawie ustawy z dnia 15 wrze\u015bnia 2022 roku o Medycynie Laboratoryjnej, a nadz\u00f3r nad dzia\u0142alno\u015bci\u0105 samorz\u0105du sprawuje minister w\u0142a\u015bciwy do spraw zdrowia.<\/p>\n\n\n\n<p class=\"gutenify-section-91cf7970-36e8-11ee-9c22-ad6acfd66ae1 gtfy-9\">Do g\u0142\u00f3wnych zada\u0144 KIDL nale\u017cy m.in. reprezentowanie \u015brodowiska Diagnost\u00f3w Laboratoryjnych, wsparcie dla cz\u0142onk\u00f3w samorz\u0105du w zakresie prawnym i socjalnym, kontrola nad prawid\u0142owym wykonywaniem czynno\u015bci medycyny laboratoryjnej, wsp\u00f3\u0142praca z organami pa\u0144stwowymi w procesach legislacyjnych dotycz\u0105cych ochrony zdrowia. <\/p>\n\n\n\n<p class=\"gutenify-section-4bf05f10-36ec-11ee-9c22-ad6acfd66ae1 gtfy-13\">W ramach dzia\u0142alno\u015bci samorz\u0105dowej, wydawany jest <em>Diagnosta Laboratoryjny<\/em>, bezp\u0142atna gazeta Krajowej Izby Diagnost\u00f3w Laboratoryjnych. Kwartalnik ukazuje si\u0119 na stronie internetowej Izby, ka\u017cdy Diagnosta ma mo\u017cliwo\u015b\u0107 publikowania w czasopi\u015bmie, a ponadto, za opublikowany artyku\u0142, uzyskuje honorarium. Opublikowane artyku\u0142y mog\u0105 by\u0107 wykorzystane w trakcie rekrutacji na szkolenie specjalizacyjne.<\/p>\n\n\n\n<p class=\"gutenify-section-9eb3b2f0-36ed-11ee-9c22-ad6acfd66ae1 gtfy-17\">Cz\u0142onkami samorz\u0105du s\u0105 Diagno\u015bci Laboratoryjni &#8211; osoby, kt\u00f3re spe\u0142niaj\u0105 formalne warunki wynikaj\u0105ce z Ustawy o Medycynie Laboratoryjnej (Dz.U. 2022 poz. 2280) do uzyskania tytu\u0142u zawodowego Diagnosty Laboratoryjnego i uzyska\u0142y wpis do Rejestru Diagnost\u00f3w Laboratoryjnych oraz Prawo Wykonywania Zawodu Diagnosty Laboratoryjnego. W 2023 roku w ramach samorz\u0105du zrzeszonych jest oko\u0142o 18 tys. os\u00f3b. Wg raportu GUS z 2022 roku, zaw\u00f3d Diagnosty wykonywa\u0142o 17,1 tys. os\u00f3b co stanowi oko\u0142o 3,3 Diagnosty Laboratoryjnego na 10 tys. mieszka\u0144c\u00f3w. Stanowi to jeden z najni\u017cszych odsetk\u00f3w spo\u015br\u00f3d wszystkich zawod\u00f3w medycznych. Jednocze\u015bnie blisko 70% decyzji terapeutycznych opiera si\u0119 na wynikach bada\u0144 laboratoryjnych.<\/p>\n\n\n\n<p class=\"gutenify-section-10056420-36ea-11ee-9c22-ad6acfd66ae1 gtfy-21\"><\/p>\n","protected":false},"excerpt":{"rendered":"<p>Krajowa Izba Diagnost\u00f3w Laboratoryjnych (KIDL) powsta\u0142a na mocy ustawy z dnia 27 lipca 2001 r. [&hellip;]<\/p>\n","protected":false},"author":1,"featured_media":233,"parent":0,"menu_order":0,"comment_status":"closed","ping_status":"closed","template":"","meta":{"footnotes":""},"class_list":["post-230","page","type-page","status-publish","has-post-thumbnail","hentry"],"_links":{"self":[{"href":"https:\/\/new.kidl.org.pl\/index.php?rest_route=\/wp\/v2\/pages\/230","targetHints":{"allow":["GET"]}}],"collection":[{"href":"https:\/\/new.kidl.org.pl\/index.php?rest_route=\/wp\/v2\/pages"}],"about":[{"href":"https:\/\/new.kidl.org.pl\/index.php?rest_route=\/wp\/v2\/types\/page"}],"author":[{"embeddable":true,"href":"https:\/\/new.kidl.org.pl\/index.php?rest_route=\/wp\/v2\/users\/1"}],"replies":[{"embeddable":true,"href":"https:\/\/new.kidl.org.pl\/index.php?rest_route=%2Fwp%2Fv2%2Fcomments&post=230"}],"version-history":[{"count":0,"href":"https:\/\/new.kidl.org.pl\/index.php?rest_route=\/wp\/v2\/pages\/230\/revisions"}],"wp:featuredmedia":[{"embeddable":true,"href":"https:\/\/new.kidl.org.pl\/index.php?rest_route=\/wp\/v2\/media\/233"}],"wp:attachment":[{"href":"https:\/\/new.kidl.org.pl\/index.php?rest_route=%2Fwp%2Fv2%2Fmedia&parent=230"}],"curies":[{"name":"wp","href":"https:\/\/api.w.org\/{rel}","templated":true}]}}