{"id":167,"date":"2023-07-19T21:38:58","date_gmt":"2023-07-19T21:38:58","guid":{"rendered":"http:\/\/diagnoscilaboratoryjni.pl\/?page_id=167"},"modified":"2025-08-20T16:50:52","modified_gmt":"2025-08-20T14:50:52","slug":"sprawy-socjalne","status":"publish","type":"page","link":"https:\/\/new.kidl.org.pl\/?page_id=167","title":{"rendered":"Sprawy Socjalne"},"content":{"rendered":"\n<figure class=\"wp-block-pullquote gtfy-1\"><blockquote><p><strong>I. KOMISJA SPRAW SOCJALNYCH<\/strong><br><strong>II. NAGRODY ZA UZYSKANIE TYTU\u0141U SPECJALISTY<\/strong><br><strong>III. DOFINANSOWANIE KURS\u00d3W I SZKOLE\u0143 <\/strong><br><strong>Z BUD\u017bETU M\u0141ODYCH DIAGNOST\u00d3W<\/strong><\/p><\/blockquote><\/figure>\n\n\n\n<h2 class=\"wp-block-heading gtfy-5\"><strong>I. KOMISJA SPRAW SOCJALNYCH<\/strong><\/h2>\n\n\n\n<p class=\"gtfy-9\"><\/p>\n\n\n\n<ul class=\"wp-block-list gtfy-15\">\n<li class=\"gtfy-13 gutenify-list-item\"><a href=\"https:\/\/kidl.org.pl\/file\/file\/download?id=493\">Uchwa\u0142\u0105 Nr 28\/V\/2019 Krajowej Rady Diagnost\u00f3w Laboratoryjnych z dnia 1 kwietnia 2019 roku w sprawie powo\u0142ania Komisji Socjalnej Krajowej Izby Diagnost\u00f3w Laboratoryjnych powo\u0142ana zosta\u0142a Komisja Socjalna.<\/a><\/li>\n\n\n\n<li class=\"gtfy-14 gutenify-list-item\"><a href=\"https:\/\/kidl.org.pl\/get-file\/12898\">Uchwa\u0142a Nr 61\/VI\/2023 Krajowej Rady Diagnost\u00f3w Laboratoryjnych z dnia 24 lutego 2023 roku w sprawie powo\u0142ania w sprawie powo\u0142ania Komisji Socjalnej Krajowej Izby Diagnost\u00f3w Laboratoryjnych oraz w sprawie zmiany Za\u0142\u0105cznika nr 1 do Uchwa\u0142y Nr 11\/V\/2019 Krajowej Rady Diagnost\u00f3w Laboratoryjnych z dnia 14 stycznia 2019 roku w sprawie przyj\u0119cia regulaminu dzia\u0142ania Funduszu Socjalnego Krajowej Izby Diagnost\u00f3w Laboratoryjnych<\/a><\/li>\n<\/ul>\n\n\n\n<p class=\"gtfy-19\">Zadaniem Komisji Socjalnej jest wsparcie w potrzebie Diagnost\u00f3w Laboratoryjnych i ich rodzin, kt\u00f3rych sytuacja \u017cyciowa uleg\u0142a znacznemu pogorszeniu. Od 24 wrze\u015bnia 2024 r. Komisja Socjalna b\u0119dzie tak\u017ce realizowa\u0107 wnioski o zapomog\u0119 wynikaj\u0105c\u0105 z wyst\u0105pienia stanu kl\u0119ski \u017cywio\u0142owej na terenie wojew\u00f3dztw dolno\u015bl\u0105skiego, opolskiego i \u015bl\u0105skiego.<\/p>\n\n\n\n<ul class=\"wp-block-list gtfy-24\">\n<li class=\"gtfy-23 gutenify-list-item\"><a href=\"https:\/\/kidl.org.pl\/get-file\/3392\">Formularz wniosku o przyzanie zapomogi<\/a>&nbsp;<em>Zapomoga wynikaj\u0105ca z wyst\u0105pienia zdarzenia losowego lub choroby Diagnosty\/jego cz\u0142onka rodziny, \u015bmierci Diagnosty.<\/em><\/li>\n<\/ul>\n\n\n\n<p class=\"gtfy-28\">Krajowa Rada Diagnost\u00f3w Laboratoryjnych 24 wrze\u015bnia 2024 roku podj\u0119\u0142a uchwa\u0142\u0119 w sprawie Regulaminu przyznawania \u015bwiadcze\u0144 socjalnych z Funduszu Komisji Socjalnej Krajowej Izby Diagnost\u00f3w Laboratoryjnych w Warszawie&nbsp;<strong>w zwi\u0105zku z wprowadzeniem stanu kl\u0119ski \u017cywio\u0142owej na obszarze cz\u0119\u015bci wojew\u00f3dztwa dolno\u015bl\u0105skiego, opolskiego oraz \u015bl\u0105skiego w zwi\u0105zku z zaistnieniem stanu kl\u0119ski \u017cywio\u0142owej<\/strong>.<\/p>\n\n\n\n<ul class=\"wp-block-list gtfy-34\">\n<li class=\"gtfy-32 gutenify-list-item\"><a href=\"https:\/\/kidl.org.pl\/get-file\/14114\">Tre\u015b\u0107 uchwa\u0142y z wnioskiem i regulaminem<\/a><\/li>\n\n\n\n<li class=\"gtfy-33 gutenify-list-item\"><a href=\"https:\/\/kidl.org.pl\/get-file\/14116\">Za\u0142\u0105cznik &#8211; klauzula informacyjna<\/a><\/li>\n<\/ul>\n\n\n\n<p class=\"gtfy-38\">Wnioski nale\u017cy przesy\u0142a\u0107 na adres biura KIDL. Dopuszczalne jest tak\u017ce przes\u0142anie skanu dokument\u00f3w, opatrzonych podpisem elektronicznym wnioskodawcy przez Elektroniczn\u0105 Skrzynk\u0119 Podawcz\u0105.<\/p>\n\n\n\n<h2 class=\"wp-block-heading gtfy-42\"><br><strong>II. NAGRODY ZA UZYSKANIE TYTU\u0141U SPECJALISTY<\/strong><\/h2>\n\n\n\n<p class=\"gtfy-46\">Krajowa Rada Diagnost\u00f3w Laboratoryjnych V Kadencji podj\u0119\u0142a Uchwa\u0142\u0119 nr 8\/V\/2019 z dnia 14 stycznia 2019 roku w sprawie nagr\u00f3d za specjalizacj\u0119. Informacja o naborze wniosk\u00f3w pojawia si\u0119 co roku w mediach KIDL.<\/p>\n\n\n\n<p class=\"gtfy-50\">Diagnosta laboratoryjny, kt\u00f3ry uzyska\u0142 tytu\u0142 specjalisty w roku poprzedzaj\u0105cym wniosek, sk\u0142ada nast\u0119puj\u0105ce dokumenty:<\/p>\n\n\n\n<ol class=\"wp-block-list gtfy-57\">\n<li class=\"gtfy-54 gutenify-list-item\">Wniosek o przyznanie nagrody za uzyskanie tytu\u0142 specjalisty.<\/li>\n\n\n\n<li class=\"gtfy-55 gutenify-list-item\">Kwestionariusz osobowy.<\/li>\n\n\n\n<li class=\"gtfy-56 gutenify-list-item\">Kopi\u0119 dyplomu specjalizacyjnego potwierdzona notarialnie za zgodno\u015b\u0107 z orygina\u0142em.<strong>&nbsp;(Uwaga: osoby, kt\u00f3re przes\u0142a\u0142y wcze\u015bniej potwierdzon\u0105 kopi\u0119 dyplomu proszone s\u0105 jedynie o z\u0142o\u017cenie wniosku oraz kwestionariusza). Prosimy r\u00f3wnie\u017c o przes\u0142anie ksi\u0105\u017ceczki PWZDL, w celu uzupe\u0142nienia wpisu o specjalizacji<\/strong> (nie dotyczy dokument\u00f3w PWZDL w formie kart poliw\u0119glanowych). <\/li>\n<\/ol>\n\n\n\n<p class=\"gtfy-61\">Diagnosta laboratoryjny ubiegaj\u0105cy si\u0119 o nagrod\u0119 nie powinien posiada\u0107 zaleg\u0142o\u015bci w op\u0142acaniu sk\u0142adki cz\u0142onkowskiej.<\/p>\n\n\n\n<h2 class=\"wp-block-heading gtfy-65\"><br><strong>III. DOFINANSOWANIE KURS\u00d3W I SZKOLE\u0143 <\/strong><strong>Z BUD\u017bETU M\u0141ODYCH DIAGNOST\u00d3W<\/strong><\/h2>\n\n\n\n<p class=\"gtfy-69\">Na podstawie Uchwa\u0142y nr 187\/VI\/2024 Krajowej Rady Diagnost\u00f3w Laboratoryjnych z dnia 24 wrze\u015bnia 2024 r. w sprawie Regulaminu realizacji dofinansowa\u0144 do udzia\u0142u w kursach dla m\u0142odych diagnost\u00f3w laboratoryjnych, Diagno\u015bci Laboratoryjni, kt\u00f3rzy nie uko\u0144czyli 35. roku \u017cycia i nie maj\u0105 zaleg\u0142o\u015bci w op\u0142acaniu sk\u0142adek cz\u0142onkowskich mog\u0105 ubiega\u0107 si\u0119 o cz\u0119\u015bciowe dofinansowanie szkole\u0144, kurs\u00f3w czy kongres\u00f3w lub zjazd\u00f3w.<\/p>\n\n\n\n<p class=\"gtfy-73\"><strong>Najwa\u017cniejsze informacje:<\/strong><\/p>\n\n\n\n<ul class=\"wp-block-list gtfy-83\">\n<li class=\"gtfy-77 gutenify-list-item\">Dofinansowanie obejmuje do 20% koszt\u00f3w kursu oraz uczestnictwa w konferencjach, zjazdach i kongresach.<\/li>\n\n\n\n<li class=\"gtfy-78 gutenify-list-item\">Refundacja koszt\u00f3w kursu odbywa si\u0119 po jego zako\u0144czeniu i wymaga z\u0142o\u017cenia wniosku wraz z odpowiednimi dokumentami.<\/li>\n\n\n\n<li class=\"gtfy-82 gutenify-list-item\">Nabory wniosk\u00f3w odbywaj\u0105 si\u0119 dwa razy w roku:\n<ul class=\"wp-block-list gtfy-81\">\n<li class=\"gtfy-79 gutenify-list-item\">od 1 do 15 czerwca,<\/li>\n\n\n\n<li class=\"gtfy-80 gutenify-list-item\">od 1 do 15 grudnia.<\/li>\n<\/ul>\n<\/li>\n<\/ul>\n\n\n\n<p class=\"gtfy-87\">Dokumenty niezb\u0119dne do z\u0142o\u017cenia wniosku nale\u017cy przes\u0142a\u0107 przez ePUAP lub do biura KIDL (decyduje data wp\u0142ywu do Izby):<\/p>\n\n\n\n<ul class=\"wp-block-list gtfy-96\">\n<li class=\"gtfy-91 gutenify-list-item\">Wniosek o dofinansowanie (formularz stanowi za\u0142\u0105cznik do regulaminu).<\/li>\n\n\n\n<li class=\"gtfy-92 gutenify-list-item\">O\u015bwiadczenie o braku dofinansowania przez pracodawc\u0119.<\/li>\n\n\n\n<li class=\"gtfy-93 gutenify-list-item\">Program kursu, na kt\u00f3ry ubiegasz si\u0119 o dofinansowanie.<\/li>\n\n\n\n<li class=\"gtfy-94 gutenify-list-item\">Faktura imienna oraz certyfikat uko\u0144czenia kursu.<\/li>\n\n\n\n<li class=\"gtfy-95 gutenify-list-item\"><a href=\"https:\/\/kidl.org.pl\/get-file\/14113\">Klauzula Informacyjna<\/a><\/li>\n<\/ul>\n\n\n\n<p class=\"gtfy-100\">Tylko kompletne wnioski zostan\u0105 rozpatrzone. Refundacja mo\u017ce by\u0107 przyznana raz w roku i obejmuje kursy zako\u0144czone do p\u00f3\u0142 roku od daty z\u0142o\u017cenia wniosku.<\/p>\n","protected":false},"excerpt":{"rendered":"<p>I. KOMISJA SPRAW SOCJALNYCHII. NAGRODY ZA UZYSKANIE TYTU\u0141U SPECJALISTYIII. DOFINANSOWANIE KURS\u00d3W I SZKOLE\u0143 Z BUD\u017bETU [&hellip;]<\/p>\n","protected":false},"author":1,"featured_media":0,"parent":0,"menu_order":0,"comment_status":"closed","ping_status":"closed","template":"","meta":{"footnotes":""},"class_list":["post-167","page","type-page","status-publish","hentry"],"_links":{"self":[{"href":"https:\/\/new.kidl.org.pl\/index.php?rest_route=\/wp\/v2\/pages\/167","targetHints":{"allow":["GET"]}}],"collection":[{"href":"https:\/\/new.kidl.org.pl\/index.php?rest_route=\/wp\/v2\/pages"}],"about":[{"href":"https:\/\/new.kidl.org.pl\/index.php?rest_route=\/wp\/v2\/types\/page"}],"author":[{"embeddable":true,"href":"https:\/\/new.kidl.org.pl\/index.php?rest_route=\/wp\/v2\/users\/1"}],"replies":[{"embeddable":true,"href":"https:\/\/new.kidl.org.pl\/index.php?rest_route=%2Fwp%2Fv2%2Fcomments&post=167"}],"version-history":[{"count":3,"href":"https:\/\/new.kidl.org.pl\/index.php?rest_route=\/wp\/v2\/pages\/167\/revisions"}],"predecessor-version":[{"id":653,"href":"https:\/\/new.kidl.org.pl\/index.php?rest_route=\/wp\/v2\/pages\/167\/revisions\/653"}],"wp:attachment":[{"href":"https:\/\/new.kidl.org.pl\/index.php?rest_route=%2Fwp%2Fv2%2Fmedia&parent=167"}],"curies":[{"name":"wp","href":"https:\/\/api.w.org\/{rel}","templated":true}]}}