{"id":161,"date":"2023-07-19T21:36:53","date_gmt":"2023-07-19T21:36:53","guid":{"rendered":"http:\/\/diagnoscilaboratoryjni.pl\/?page_id=161"},"modified":"2024-10-16T17:53:00","modified_gmt":"2024-10-16T15:53:00","slug":"biuro-kidl","status":"publish","type":"page","link":"https:\/\/new.kidl.org.pl\/?page_id=161","title":{"rendered":"BIURO KIDL"},"content":{"rendered":"<p>Biuro Krajowej Izby Diagnost\u00f3w Laboratoryjnych stanowi cz\u0119\u015b\u0107 administracyjn\u0105 Samorz\u0105du. Zadaniami biura jest m.in. realizacja cel\u00f3w statutowych samorz\u0105du, obs\u0142uga prawno-aministracyjna czy te\u017c koordynacja obiegu dokument\u00f3w.<\/p>\n<p>Pracownicy Biura KIDL \u015bci\u015ble wsp\u00f3\u0142pracuj\u0105 z Prezesem Krajowej Rady Diagnost\u00f3w Laboratoryjnych, Wiceprezesami KRDL, Sekretarzem KRDL i Skarbnikiem KRDL.<\/p>\n<p>Na czele biura stoi Dyrektor Biura KIDL. Obecnym Dyrektorem Biura jest Pan Arkadiusz Dziubaszewski (a.dziubaszewski[at]kidl.org.pl).<\/p>\n<p>Biuro KIDL, w zale\u017cno\u015bci od pe\u0142nionej funkcji, podzielone jest na:<\/p>\n<ul class=\"gtfy-1 gtfy-2 gtfy-3\">\n<li><strong>Dzia\u0142 Medycyny Laboratoryjnej\u00a0<\/strong>zajmuj\u0105cy si\u0119 Rejestrem Diagnost\u00f3w Laboratoryjnych (RDL), Rejestrem Podmiot\u00f3w Wykonuj\u0105cych Dzia\u0142alno\u015b\u0107 Lecznicz\u0105 (RPWDL), Ewidencj\u0105 Laboratori\u00f3w i zagadnieniami finansowymi w zakresie prowadzonych rejestr\u00f3w, w tym sk\u0142adek cz\u0142onkowskich Diagnost\u00f3w Laboratoryjnych.<\/li>\n<li><strong>Dzia\u0142 prawny<\/strong> buduj\u0105 prawnicy zatrudnieni przez KIDL, dzi\u0119ki kt\u00f3rym samorz\u0105d na bie\u017c\u0105co monitoruje zmiany w prawie dotycz\u0105ce m.in. medycyny laboratoryjnej, a tak\u017ce wspomaga Diagnost\u00f3w Laboratoryjnych w zakresie interpretacji i rozwi\u0105za\u0144 legislacyjnych. Dzia\u0142 prawny tak\u017ce zapewnia prawid\u0142owe formu\u0142owanie uchwa\u0142 samorz\u0105du oraz dba o interes Izby.<\/li>\n<li><strong>Dzia\u0142 spraw wierzycielskich\u00a0<\/strong>zajmuje si\u0119 koordynacj\u0105 i odzyskiwaniem nale\u017cno\u015bci na rzecz samorz\u0105du zawodowego.<\/li>\n<li><strong>Inspektor Ochrony Danych\u00a0<\/strong>doradza i sprawdza procedury przetwarzania danych w organizacji, a tak\u017ce jest osob\u0105 kontaktow\u0105 dla organ\u00f3w, organizacji oraz os\u00f3b fizycznych w zakresie przetwarzania danych i realizacji praw tych podmiot\u00f3w.<\/li>\n<li><strong>Dzia\u0142 Spraw Pracowniczych <\/strong>obs\u0142uguje pracownik\u00f3w biura KIDL.<\/li>\n<\/ul>\n","protected":false},"excerpt":{"rendered":"<p>Biuro Krajowej Izby Diagnost\u00f3w Laboratoryjnych stanowi cz\u0119\u015b\u0107 administracyjn\u0105 Samorz\u0105du. Zadaniami biura jest m.in. realizacja cel\u00f3w [&hellip;]<\/p>\n","protected":false},"author":1,"featured_media":0,"parent":0,"menu_order":0,"comment_status":"closed","ping_status":"closed","template":"","meta":{"footnotes":""},"class_list":["post-161","page","type-page","status-publish","hentry"],"_links":{"self":[{"href":"https:\/\/new.kidl.org.pl\/index.php?rest_route=\/wp\/v2\/pages\/161","targetHints":{"allow":["GET"]}}],"collection":[{"href":"https:\/\/new.kidl.org.pl\/index.php?rest_route=\/wp\/v2\/pages"}],"about":[{"href":"https:\/\/new.kidl.org.pl\/index.php?rest_route=\/wp\/v2\/types\/page"}],"author":[{"embeddable":true,"href":"https:\/\/new.kidl.org.pl\/index.php?rest_route=\/wp\/v2\/users\/1"}],"replies":[{"embeddable":true,"href":"https:\/\/new.kidl.org.pl\/index.php?rest_route=%2Fwp%2Fv2%2Fcomments&post=161"}],"version-history":[{"count":1,"href":"https:\/\/new.kidl.org.pl\/index.php?rest_route=\/wp\/v2\/pages\/161\/revisions"}],"predecessor-version":[{"id":604,"href":"https:\/\/new.kidl.org.pl\/index.php?rest_route=\/wp\/v2\/pages\/161\/revisions\/604"}],"wp:attachment":[{"href":"https:\/\/new.kidl.org.pl\/index.php?rest_route=%2Fwp%2Fv2%2Fmedia&parent=161"}],"curies":[{"name":"wp","href":"https:\/\/api.w.org\/{rel}","templated":true}]}}