{"id":126,"date":"2023-07-19T20:37:38","date_gmt":"2023-07-19T20:37:38","guid":{"rendered":"http:\/\/diagnoscilaboratoryjni.pl\/?page_id=126"},"modified":"2025-08-20T16:50:19","modified_gmt":"2025-08-20T14:50:19","slug":"skladki-czlonkowskie","status":"publish","type":"page","link":"https:\/\/new.kidl.org.pl\/?page_id=126","title":{"rendered":"Sk\u0142adki cz\u0142onkowskie"},"content":{"rendered":"\n<h2 class=\"wp-block-heading gtfy-1\">&nbsp;<\/h2>\n\n\n\n<figure class=\"wp-block-pullquote gtfy-5\"><blockquote><p><strong>I. ILE WYNOSI SK\u0141ADKA CZ\u0141ONKOWSKA I JAK J\u0104 OP\u0141ACA\u0106?<\/strong><br><strong>II. INDYWIDUALNY NUMER KONTA DO WP\u0141AT SK\u0141ADEK CZ\u0141ONKOWSKICH<\/strong><br><strong>III. WY\u0141\u0104CZENIA I ZWOLNIENIA ZE SK\u0141ADEK CZ\u0141ONKOWSKICH<\/strong><\/p><\/blockquote><\/figure>\n\n\n\n<h2 class=\"wp-block-heading gtfy-9\"><strong>I. ILE WYNOSI SK\u0141ADKA CZ\u0141ONKOWSKA I JAK J\u0104 OP\u0141ACA\u0106?<\/strong><\/h2>\n\n\n\n<p class=\"gtfy-13\">Sk\u0142adki cz\u0142onkowskie stanowi\u0105 podstaw\u0119 finansowania Krajowej Izby Diagnost\u00f3w Laboratoryjnych, a ich uiszczanie stanowi ustawowy obowi\u0105zek Diagnosty Laboratoryjnego. Sk\u0142adki cz\u0142onkowskie przeznaczane s\u0105 na m.in. utrzymanie domu diagnosty, biura i us\u0142ug zewn\u0119trznych, kt\u00f3re s\u0105 niezb\u0119dne do prawid\u0142owego funkcjonowania Samorz\u0105du, a tak\u017ce na promocj\u0119 zawodu, sprawy socjalne Diagnost\u00f3w Laboratoryjnych (zapomogi i nagrody) i realizacj\u0119 obowi\u0105zk\u00f3w wynikaj\u0105cych z Ustawy o Medycynie Laboratoryjnej. Wymiar sk\u0142adki cz\u0142onkowskiej ustala Krajowa Rada Diagnost\u00f3w Laboratoryjnych za pomoc\u0105 uchwa\u0142.<\/p>\n\n\n\n<p class=\"gtfy-17\"><strong>Od 1 lipca 2023 roku<\/strong> sk\u0142adka wynosi 40 z\u0142otych miesi\u0119cznie.<br><em>Postawa prawna: <a href=\"https:\/\/kidl.org.pl\/get-file\/13072\">81\/VI\/2023 KRDL<\/a>&nbsp;z dnia 18 maja 2023 r.<\/em><\/p>\n\n\n\n<p class=\"gtfy-21\"><strong>Do 30 czerwca 2023<\/strong> sk\u0142adka wynosi\u0142a 20 z\u0142otych miesi\u0119cznie.<br><em>Podstawa prawna: <a href=\"https:\/\/kidl.org.pl\/file\/file\/download?id=427\">48\/II\/2008 KRDL<\/a>&nbsp;z dnia 29 lutego 2008 r.<\/em><\/p>\n\n\n\n<p class=\"gtfy-25\">Sk\u0142adk\u0119 cz\u0142onkowsk\u0105 nale\u017cy uiszcza\u0107 na indywidualny numer subkonta bankowego, kt\u00f3ry otrzymuje ka\u017cdy Diagnosta, wraz z dokumentami potwierdzaj\u0105cymi wpis do Rejestru Diagnost\u00f3w Laboratoryjnych (RDL).<\/p>\n\n\n\n<p class=\"gtfy-29\"><strong>Sk\u0142adk\u0119 cz\u0142onkowsk\u0105 Diagnosta Laboratoryjny op\u0142aca od miesi\u0105ca, w kt\u00f3rym uchwa\u0142a o wpisie do Rejestru Diagnost\u00f3w Laboratoryjnych zosta\u0142a podj\u0119ta. <\/strong><\/p>\n\n\n\n<h2 class=\"wp-block-heading gtfy-33\">&nbsp;<strong>II. INDYWIDUALNY NUMER KONTA DO WP\u0141AT SK\u0141ADEK CZ\u0141ONKOWSKICH<\/strong><\/h2>\n\n\n\n<p class=\"gtfy-37\">Ka\u017cdemu Diagno\u015bcie Laboratoryjnemu nadawany jest indywidualny numer subkonta do wp\u0142at sk\u0142adek cz\u0142onkowskich, kt\u00f3ry dostarczany jest wraz z dokumentami potwierdzaj\u0105cymi wpis do Rejestru Diagnost\u00f3w Laboratoryjnych.<\/p>\n\n\n\n<p class=\"gtfy-41\">Aby uzyska\u0107 lub potwierdzi\u0107 indywidualny numer subkonta bankowego, tak\u0105 pro\u015bb\u0119 nale\u017cy zg\u0142osi\u0107 na adres <a href=\"mailto:skladki@kidl.org.pl\">skladki@kidl.org.pl<\/a> powo\u0142uj\u0105c si\u0119 na sw\u00f3j PWZDL oraz numer wpisu na List\u0119 Diagnost\u00f3w Laboratoryjnych \/ do Rejestru Diagnost\u00f3w Laboratoryjnych (informacja ta widnieje w dokumencie PWZDL).<\/p>\n\n\n\n<p class=\"gtfy-45\">&nbsp;<\/p>\n\n\n\n<h2 class=\"wp-block-heading gtfy-49\"><strong>III. WY\u0141\u0104CZENIA I ZWOLNIENIA ZE SK\u0141ADEK CZ\u0141ONKOWSKICH<\/strong><\/h2>\n\n\n\n<p class=\"gtfy-53\"><span style=\"color: #ff0000;\">Warunki ubiegania si\u0119 o zawieszenie, zmniejszenie lub umorzenie zaleg\u0142o\u015bci sk\u0142adkowych okre\u015bla uchwa\u0142a nr\u00a0<a style=\"color: #ff0000;\" href=\"https:\/\/kidl.org.pl\/file\/file\/download?id=422\">53\/III\/2012 KRDL<\/a> z dnia 13 stycznia 2012 r.\u00a0 Uchwa\u0142a nr <a style=\"color: #ff0000;\" href=\"https:\/\/kidl.org.pl\/file\/file\/download?id=423\">98\/IV\/2017 KRDL<\/a> z dnia 25 maja 2017 roku,\u00a0<\/span><\/p>\n\n\n\n<p class=\"gtfy-57\"><strong>Zawieszeniu mo\u017ce podlega\u0107 obowi\u0105zek p\u0142atno\u015bci sk\u0142adek cz\u0142onkowskich diagnostom laboratoryjnym, kt\u00f3rzy:<\/strong><\/p>\n\n\n\n<ol class=\"wp-block-list gtfy-64\">\n<li class=\"gtfy-61 gutenify-list-item\"> <strong>Utracili prac\u0119<\/strong> i z\u0142o\u017cyli wniosek o zawieszenie p\u0142atno\u015bci sk\u0142adek cz\u0142onkowskich wraz z za\u015bwiadczeniem potwierdzaj\u0105cym fakt utraty pracy oraz pozostawanie bez pracy w formie potwierdzonej za zgodno\u015b\u0107 z orygina\u0142em kopii decyzji w\u0142a\u015bciwego Urz\u0119du Pracy o wpisaniu do rejestru os\u00f3b pozostaj\u0105cych bez pracy niezale\u017cnie od przys\u0142ugiwania prawa do zasi\u0142ku dla bezrobotnych \u2013 na okres braku zatrudnienia nie d\u0142u\u017cej ni\u017c 5 lat,<\/li>\n\n\n\n<li class=\"gtfy-62 gutenify-list-item\"><strong>Pozostaj\u0105cy na urlopie wychowawczym<\/strong>, udokumentowanym za\u015bwiadczeniem pracodawcy potwierdzaj\u0105cym powy\u017csz\u0105 okoliczno\u015b\u0107 i niewykonuj\u0105cych innych czynno\u015bci na podstawie umowy o prac\u0119 lub umowy cywilnoprawnej, stwierdzonych o\u015bwiadczeniem diagnosty laboratoryjnego &#8211; na okres pozostawania na urlopie wychowawczym, nie d\u0142u\u017cszym ni\u017c 5 lat,<\/li>\n\n\n\n<li class=\"gtfy-63 gutenify-list-item\"><strong>Wykonuj\u0105cy wy\u0142\u0105cznie czynno\u015bci w medycznych laboratoriach diagnostycznych w ramach wolontariatu<\/strong> <strong>realizowanego bez pobierania wynagrodzenia<\/strong>, udokumentowanego poprzez za\u0142\u0105czenie do wniosku potwierdzonej za zgodno\u015b\u0107 z orygina\u0142em kopii umowy o wolontariat i nieposiadaj\u0105cych zatrudnienia w innym zawodzie, stwierdzonego o\u015bwiadczeniem diagnosty laboratoryjnego &#8211; na okres pracy na zasadach wolontariatu,<\/li>\n<\/ol>\n\n\n\n<p class=\"gtfy-68\">Diagnosta laboratoryjny w momencie podj\u0119cia pracy zwi\u0105zanej z uzyskiwaniem wynagrodzenia w innym charakterze ni\u017c wykonywanie czynno\u015bci w medycznym laboratorium diagnostycznym, (w tym tak\u017ce w ramach um\u00f3w cywilnoprawnych) &#8211; traci uprawnienia dotycz\u0105ce zawieszenia obowi\u0105zku p\u0142atno\u015bci sk\u0142adek.<\/p>\n\n\n\n<p class=\"gtfy-72\">Fakt zatrudnienia obowi\u0105zany jest zg\u0142osi\u0107 do Krajowej Izby Diagnost\u00f3w Laboratoryjnych w terminie do 7 dni od daty podj\u0119cia zatrudnienia. Obowi\u0105zek p\u0142atno\u015bci sk\u0142adki cz\u0142onkowskiej powstaje od pierwszego dnia miesi\u0105ca, w kt\u00f3rym diagnosta laboratoryjny podj\u0105\u0142 zatrudnienie.<\/p>\n\n\n\n<p class=\"gtfy-76\"><strong>Diagno\u015bci laboratoryjni, wobec kt\u00f3rych wydano decyzj\u0119 o zwieszaniu p\u0142atno\u015bci sk\u0142adki cz\u0142onkowskiej z powodu utarty pracy zobowi\u0105zani s\u0105 do przesy\u0142ania za\u015bwiadczenia potwierdzaj\u0105cego fakt utraty pracy co sze\u015b\u0107 miesi\u0119cy. Nie przesy\u0142anie dokumentu skutkuje uchyleniem decyzji o zawieszeniu obowi\u0105zku p\u0142atno\u015bci sk\u0142adek cz\u0142onkowskich.<\/strong><\/p>\n\n\n\n<p class=\"gtfy-80\"><strong>Pisemne <a href=\"https:\/\/kidl.org.pl\/file\/file\/download?id=13385\">wnioski<\/a>&nbsp;wraz z do\u0142\u0105czonym w\u0142a\u015bciwym dokumentem<\/strong>&nbsp;(np.: decyzja PUP o statusie osoby bezrobotnej, za\u015bwiadczenie o urlopie wychowawczym, umowa wolontariatu, decyzje ZUS o przyznaniu emerytury\/renty wraz z&nbsp;<a href=\"https:\/\/kidl.org.pl\/file\/file\/download?id=425\">o\u015bwiadczeniem<\/a> itp.) nale\u017cy przes\u0142a\u0107 poczt\u0105 na adres biura KIDL lub skany dokument\u00f3w za pomoc\u0105 elektronicznej skrzynki podawczej. <\/p>\n","protected":false},"excerpt":{"rendered":"<p>&nbsp; I. ILE WYNOSI SK\u0141ADKA CZ\u0141ONKOWSKA I JAK J\u0104 OP\u0141ACA\u0106?II. INDYWIDUALNY NUMER KONTA DO WP\u0141AT [&hellip;]<\/p>\n","protected":false},"author":1,"featured_media":0,"parent":0,"menu_order":0,"comment_status":"closed","ping_status":"closed","template":"","meta":{"footnotes":""},"class_list":["post-126","page","type-page","status-publish","hentry"],"_links":{"self":[{"href":"https:\/\/new.kidl.org.pl\/index.php?rest_route=\/wp\/v2\/pages\/126","targetHints":{"allow":["GET"]}}],"collection":[{"href":"https:\/\/new.kidl.org.pl\/index.php?rest_route=\/wp\/v2\/pages"}],"about":[{"href":"https:\/\/new.kidl.org.pl\/index.php?rest_route=\/wp\/v2\/types\/page"}],"author":[{"embeddable":true,"href":"https:\/\/new.kidl.org.pl\/index.php?rest_route=\/wp\/v2\/users\/1"}],"replies":[{"embeddable":true,"href":"https:\/\/new.kidl.org.pl\/index.php?rest_route=%2Fwp%2Fv2%2Fcomments&post=126"}],"version-history":[{"count":3,"href":"https:\/\/new.kidl.org.pl\/index.php?rest_route=\/wp\/v2\/pages\/126\/revisions"}],"predecessor-version":[{"id":652,"href":"https:\/\/new.kidl.org.pl\/index.php?rest_route=\/wp\/v2\/pages\/126\/revisions\/652"}],"wp:attachment":[{"href":"https:\/\/new.kidl.org.pl\/index.php?rest_route=%2Fwp%2Fv2%2Fmedia&parent=126"}],"curies":[{"name":"wp","href":"https:\/\/api.w.org\/{rel}","templated":true}]}}