{"id":122,"date":"2023-07-19T20:36:24","date_gmt":"2023-07-19T20:36:24","guid":{"rendered":"http:\/\/diagnoscilaboratoryjni.pl\/?page_id=122"},"modified":"2025-08-20T15:49:01","modified_gmt":"2025-08-20T13:49:01","slug":"uzyskiwanie-utrata-pwzdl","status":"publish","type":"page","link":"https:\/\/new.kidl.org.pl\/?page_id=122","title":{"rendered":"Prawo Wykonywania Zawodu Diagnosty Laboratoryjnego"},"content":{"rendered":"\n<p class=\"gtfy-1\">Pytania dotycz\u0105ce procedur zawartych na niniejszej podstronie nale\u017cy kierowa\u0107 do Dzia\u0142u Ewidencji Diagnost\u00f3w Laboratoryjnych (e-mail: diagnosci2@kidl.org.pl).<\/p>\n\n\n\n<figure class=\"wp-block-pullquote has-text-align-left gtfy-5\"><blockquote><p><strong>I. Kto mo\u017ce zosta\u0107 Diagnost\u0105 Laboratoryjnym?<\/strong><br><br><strong>II. Wpis do Rejestru Diagnost\u00f3w Laboratoryjnych i uzyskanie Prawa Wykonywania Zawodu Diagnosty Laboratoryjnego<\/strong><br><br><strong>III. Zrzeczenie si\u0119 Prawa Wykonywania Zawodu Diagnosty <\/strong><br><strong>Laboratoryjnego i skre\u015blenie z Rejestru Diagnost\u00f3w Laboratoryjnych<\/strong><br><br><strong>IV. Uznawanie kwalifikacji zawodowych<\/strong><br><br><strong>V. Przerwa w wykonywaniu czynno\u015bci medycyny laboratoryjnej przez okres powy\u017cej 5 lat<\/strong><\/p><\/blockquote><\/figure>\n\n\n\n<h2 class=\"wp-block-heading gtfy-9\"><strong>I. Kto mo\u017ce zosta\u0107 Diagnost\u0105 laboratoryjnym?<\/strong><\/h2>\n\n\n\n<p class=\"gtfy-13\">Zgodnie z art. 11 ust. 1 ustawy z dnia 15 wrze\u015bnia 2022 r. o medycynie laboratoryjnej (Dz. U. poz. 2280), zwanej dalej ustaw\u0105, diagnost\u0105 laboratoryjnym jest osoba, kt\u00f3ra:<\/p>\n\n\n\n<p class=\"gtfy-17\">1) rozpocz\u0119\u0142a po roku akademickim 2018\/2019 studia przygotowuj\u0105ce do wykonywania zawodu diagnosty laboratoryjnego, prowadzone zgodnie z przepisami wydanymi na podstawie art. 68 ust. 3 pkt 1 ustawy z dnia 20 lipca 2018 r. &#8211; Prawo o szkolnictwie wy\u017cszym i nauce (Dz. U. z 2022 r. poz. 574, z p\u00f3\u017an. zm.), i uzyska\u0142a tytu\u0142 zawodowy magistra <strong>lub<\/strong><\/p>\n\n\n\n<p class=\"gtfy-21\">2) uko\u0144czy\u0142a w Rzeczypospolitej Polskiej jednolite studia magisterskie na kierunku analityka medyczna lub medycyna laboratoryjna i uzyska\u0142a tytu\u0142 zawodowy magistra, <strong>lub<\/strong><\/p>\n\n\n\n<p class=\"gtfy-25\">3) do dnia 31 grudnia 2028 r. uko\u0144czy\u0142a jednolite studia magisterskie lub studia pierwszego i drugiego stopnia na kierunku biologia, biotechnologia, chemia, farmacja lub weterynaria i uzyska\u0142a tytu\u0142 zawodowy magistra lub r\u00f3wnorz\u0119dny oraz uko\u0144czy\u0142a kszta\u0142cenie podyplomowe w zakresie analityki medycznej w uczelni, kt\u00f3ra prowadzi studia na kierunku analityka medyczna, potwierdzone egzaminem,<strong> lub<\/strong><\/p>\n\n\n\n<p class=\"gtfy-29\">4) do dnia 31 grudnia 2028 r. uko\u0144czy\u0142a jednolite studia magisterskie lub studia pierwszego i drugiego stopnia na kierunku biologia, biotechnologia, chemia, farmacja lub weterynaria i uzyska\u0142a tytu\u0142 zawodowy magistra lub r\u00f3wnorz\u0119dny i rozpocz\u0119\u0142a szkolenie specjalizacyjne w dziedzinie analityki klinicznej, diagnostyki laboratoryjnej, mikrobiologii lub toksykologii, z zastrze\u017ceniem ust. 2, <strong>lub<\/strong><\/p>\n\n\n\n<p class=\"gtfy-33\">5) posiada dyplom wydany w pa\u0144stwie innym ni\u017c pa\u0144stwo cz\u0142onkowskie, uznany w Rzeczypospolitej Polskiej za r\u00f3wnowa\u017cny z dyplomem uzyskiwanym w Rzeczypospolitej Polskiej, potwierdzaj\u0105cym tytu\u0142 zawodowy magistra na kierunku analityka medyczna zgodnie z przepisami ustawy z dnia 20 lipca 2018 r. &#8211; Prawo o szkolnictwie wy\u017cszym i nauce,<strong> lub<\/strong><\/p>\n\n\n\n<p class=\"gtfy-37\">6) posiada kwalifikacje do wykonywania zawodu diagnosty laboratoryjnego uznane w Rzeczypospolitej Polskiej przez Krajow\u0105 Rad\u0119 na podstawie przepis\u00f3w ustawy z dnia 22 grudnia 2015 r. o zasadach uznawania kwalifikacji zawodowych nabytych w pa\u0144stwach cz\u0142onkowskich Unii Europejskiej (Dz. U. z 2021 r. poz. 1646 oraz z 2022 r. poz. 1616), <strong>lub<\/strong><\/p>\n\n\n\n<p class=\"gtfy-41\">7) posiada kwalifikacje uzyskane przed dniem 1 stycznia 2021 r. w Zjednoczonym Kr\u00f3lestwie Wielkiej Brytanii i Irlandii P\u00f3\u0142nocnej, zwanym dalej &#8222;Zjednoczonym Kr\u00f3lestwem&#8221;, uznane w Rzeczypospolitej Polskiej przez Krajow\u0105 Rad\u0119 na podstawie przepis\u00f3w ustawy z dnia 22 grudnia 2015 r. o zasadach uznawania kwalifikacji zawodowych nabytych w pa\u0144stwach cz\u0142onkowskich Unii Europejskiej, <strong>lub<\/strong><\/p>\n\n\n\n<p class=\"gtfy-45\">8) uzyska\u0142a w Rzeczypospolitej Polskiej tytu\u0142 zawodowy licencjata na kierunku analityka medyczna, a nast\u0119pnie uko\u0144czy\u0142a studia drugiego stopnia i uzyska\u0142a tytu\u0142 zawodowy magistra na kierunku analityka medyczna;<\/p>\n\n\n\n<p class=\"gtfy-49\">9) posiada pe\u0142n\u0105 zdolno\u015b\u0107 do czynno\u015bci prawnych;<\/p>\n\n\n\n<p class=\"gtfy-53\">10) daje dotychczasowym zachowaniem r\u0119kojmi\u0119 prawid\u0142owego wykonywania zawodu diagnosty laboratoryjnego oraz przestrzegania zasad etyki zawodowej, o kt\u00f3rych mowa w art. 22 ustawy;<\/p>\n\n\n\n<p class=\"gtfy-57\">11) korzysta z pe\u0142ni praw publicznych;<\/p>\n\n\n\n<p class=\"gtfy-61\">12) nie by\u0142a prawomocnie skazana za umy\u015blne przest\u0119pstwo \u015bcigane z oskar\u017cenia publicznego lub umy\u015blne przest\u0119pstwo skarbowe;<\/p>\n\n\n\n<p class=\"gtfy-65\">13) posiada stan zdrowia pozwalaj\u0105cy na wykonywanie zawodu diagnosty laboratoryjnego;<\/p>\n\n\n\n<p class=\"gtfy-69\">14) zosta\u0142a wpisana do rejestru diagnost\u00f3w laboratoryjnych, zwanego dalej &#8222;rejestrem diagnost\u00f3w&#8221;, oraz otrzyma\u0142a prawo wykonywania zawodu diagnosty laboratoryjnego;<\/p>\n\n\n\n<p class=\"gtfy-73\">15) posiada znajomo\u015b\u0107 j\u0119zyka polskiego w mowie i pi\u015bmie w zakresie koniecznym do wykonywania zawodu diagnosty laboratoryjnego. <mark style=\"background-color:rgba(0, 0, 0, 0)\" class=\"has-inline-color has-primary-color\">LINK!<\/mark><\/p>\n\n\n\n<p class=\"gtfy-77\">Dodatkowo, w my\u015bl art. 11 ust. 2 ustawy osoba, kt\u00f3ra uko\u0144czy\u0142a studia i uzyska\u0142a tytu\u0142 zawodowy magistra lub r\u00f3wnorz\u0119dny oraz rozpocz\u0119\u0142a szkolenie specjalizacyjne w dziedzinie analityki klinicznej, diagnostyki laboratoryjnej, mikrobiologii lub toksykologii, w terminie do 31 grudnia 2028 r. uzyskuje kwalifikacje do wykonywania zawodu diagnosty laboratoryjnego, je\u017celi uko\u0144czy to szkolenie specjalizacyjne i uzyska tytu\u0142 specjalisty.<\/p>\n\n\n\n<h2 class=\"wp-block-heading gtfy-81\"><strong>II. Wpis do Rejestru Diagnost\u00f3w Laboratoryjnych i uzyskanie Prawa Wykonywania Zawodu Diagnosty Laboratoryjnego<\/strong><\/h2>\n\n\n\n<p class=\"gutenify-section-21e881e0-e81f-11ee-8ce1-09de501e6bee gtfy-85\">Artyku\u0142 11 ust. 1 ustawy z dnia 15 wrze\u015bnia 2022 r. o medycynie laboratoryjnej (Dz. U. poz. 2280), reguluje wymagania, jakie spe\u0142ni\u0107 musi osoba, chc\u0105ca uzyska\u0107 tytu\u0142 i prawo wykonywania zawodu Diagnosty Laboratoryjnego.<\/p>\n\n\n\n<p class=\"gutenify-section-726d4ce0-e81f-11ee-8ce1-09de501e6bee gtfy-89\"><strong>Komplet dokument\u00f3w nale\u017cy przes\u0142a\u0107 do Biura KIDL. Informujemy, \u017ce wy\u0142\u0105cznie kompletne wnioski b\u0119d\u0105 rozpatrywane.<\/strong> Dokumenty do pobrania znajduj\u0105 si\u0119 na samym dole niniejszej podstrony.<\/p>\n\n\n\n<p class=\"gutenify-section-726d9b00-e81f-11ee-8ce1-09de501e6bee gtfy-93\"><strong>Lista dokument\u00f3w:<\/strong><\/p>\n\n\n\n<ol class=\"wp-block-list gtfy-106\">\n<li class=\"gtfy-97 gutenify-list-item\">Wniosek o przyznanie prawa wykonywania zawodu <mark style=\"background-color:rgba(0, 0, 0, 0)\" class=\"has-inline-color has-secondary-color\">(<a href=\"https:\/\/kidl.org.pl\/file\/file\/download?id=12766\">FORMULARZ DO POBRANIA<\/a>)<\/mark> wraz z wymienionymi w jego tre\u015bci za\u0142\u0105cznikam (<em>Punkt 17, podpunkt 4 &#8211; je\u017celi jeste\u015b absolwentem polskiej uczelni zaznacz punkt 4a<\/em>)<\/li>\n\n\n\n<li class=\"gtfy-98 gutenify-list-item\">Rota \u015blubowania &#8211; zale\u017cnie od preferencji (<a href=\"https:\/\/kidl.org.pl\/file\/file\/download?id=414\">WERSJA 1<\/a>&nbsp;lub&nbsp;<a href=\"https:\/\/kidl.org.pl\/file\/file\/download?id=415\">WERSJA 2<\/a>),<\/li>\n\n\n\n<li class=\"gtfy-99 gutenify-list-item\">Kserokopia dyplomu uko\u0144czenia studi\u00f3w (notarialnie potwierdzona za zgodno\u015b\u0107 z orygina\u0142em). Dopuszczamy mo\u017cliwo\u015b\u0107 przes\u0142ania za\u015bwiadczenia (odpis lub po\u015bwiadczona notarialnie kopia) wystawione przez uczelni\u0119 na podstawie przepis\u00f3w kodeksu post\u0119powania administracyjnego oraz Prawa o szkolnictwie wy\u017cszym, kt\u00f3re potwierdza uko\u0144czenie studi\u00f3w oraz uzyskanie odpowiedniego tytu\u0142u zawodowego potwierdzaj\u0105cy spe\u0142nienie wymaga\u0144 dotycz\u0105cych wykszta\u0142cenia, jednak oczekujemy przes\u0142ania odpisu lub po\u015bwiadczonej za zgodno\u015b\u0107 kopii dyplomu po jego uzyskaniu z uczelni. Oryginalne dokumenty mo\u017cna tak\u017ce okaza\u0107 osobi\u015bcie w siedzibie Krajowej Izby Diagnost\u00f3w Laboratoryjnych. Przes\u0142anie oryginalnych dokument\u00f3w, a nast\u0119pnie ich zwrot po rozpatrzeniu wniosku powoduje dodatkowe koszty po stronie KIDL.<\/li>\n\n\n\n<li class=\"gtfy-100 gutenify-list-item\">Kserokopia dyplomu specjalizacji lub stopni i tytu\u0142\u00f3w naukowych (potwierdzone za zgodno\u015b\u0107 z orygina\u0142em) \u2013 je\u017celi dotyczy,<\/li>\n\n\n\n<li class=\"gtfy-101 gutenify-list-item\">Podpisane imieniem i nazwiskiem dwa zdj\u0119cia o wymiarach 3,5 cm x 4,5 cm, spe\u0142niaj\u0105ce zapisy Ustawy z dnia 6 sierpnia 2010 r. o dowodach osobistych. Fotografi\u0119 wykonuje si\u0119 nie wcze\u015bniej ni\u017c 6 miesi\u0119cy przed dniem z\u0142o\u017cenia wniosku.&nbsp;<em>Fotografia wykonana na jednolitym jasnym tle, z r\u00f3wnomiernym o\u015bwietleniem, maj\u0105c\u0105 dobr\u0105 ostro\u015b\u0107 oraz odwzorowuj\u0105c\u0105 naturalny kolor sk\u00f3ry, obejmuj\u0105c\u0105 wizerunek od wierzcho\u0142ka g\u0142owy do g\u00f3rnej cz\u0119\u015bci bark\u00f3w, tak aby twarz zajmowa\u0142a 70-80% fotografii, przedstawiaj\u0105c\u0105 osob\u0119 w pozycji frontalnej, z zachowaniem symetrii w pionie, i odzwierciedlaj\u0105c\u0105 w spos\u00f3b niebudz\u0105cy uzasadnionych w\u0105tpliwo\u015bci wizerunek twarzy. Osoba na fotografii patrzy na wprost oraz ma naturalny wyraz twarzy, zamkni\u0119te usta, twarz nieprzys\u0142oni\u0119t\u0105 w\u0142osami, widoczne brwi, oczy i \u017arenice.<\/em><br><strong>Uwaga: <\/strong>Dodatkowo, nale\u017cy przes\u0142a\u0107 na adres email diagnosci2@kidl.org.pl plik to\u017csamej fotografii o nast\u0119puj\u0105cych parametrach:&nbsp;<strong>Rozdzielczo\u015b\u0107<\/strong>: minimum 492&#215;633 piksele,&nbsp;<strong>Rozmiar:&nbsp;<\/strong>do 1,15 MB, Rozszerzenie: .jpg, .jpeg, .png.<\/li>\n\n\n\n<li class=\"gtfy-102 gutenify-list-item\">Za\u015bwiadczenie lekarskie w kt\u00f3rym nale\u017cy zawrze\u0107 tre\u015b\u0107: \u201eStan zdrowia pozwala na wykonywanie zawodu diagnosty laboratoryjnego\u201d&nbsp;<a href=\"https:\/\/kidl.org.pl\/file\/file\/download?id=14084\">WZ\u00d3R ZA\u015aWIADCZENIA<\/a><\/li>\n\n\n\n<li class=\"gtfy-103 gutenify-list-item\"><strong>Lekarze<\/strong> do wniosku do\u0142\u0105czaj\u0105 kserokopi\u0119 Prawa Wykonywania Zawodu Lekarza (potwierdzon\u0105 notarialnie za zgodno\u015b\u0107 z orygina\u0142em),<\/li>\n\n\n\n<li class=\"gtfy-104 gutenify-list-item\">Absolwenci innych kierunk\u00f3w studi\u00f3w: z tytu\u0142em zawodowym magistra biologii lub farmacji; z tytu\u0142em zawodowym magistra\/magistra in\u017cyniera: chemii lub biotechnologii; z tytu\u0142em zawodowym lekarza weterynarii oraz lekarza nie posiadaj\u0105cych specjalizacji wymienionej w ustawie o diagnostyce laboratoryjnej do wniosku do\u0142\u0105czaj\u0105 \u015bwiadectwo uko\u0144czenia zawodowego kszta\u0142cenia podyplomowego, zgodnie z \u00a7 15 rozporz\u0105dzenia Ministra Zdrowia z dnia 7 grudnia 2004 r. w sprawie kszta\u0142cenia podyplomowego w zakresie analityki medycznej (Dz. U. z 2004 r., nr 269, poz. 2680).<\/li>\n\n\n\n<li class=\"gtfy-105 gutenify-list-item\">Potwierdzenie wp\u0142aty 200 z\u0142 na dzia\u0142alno\u015b\u0107 statutow\u0105 KIDL (za rozpatrzenie wniosku o wydanie Prawa Wykonywania Zawodu Diagnosty Laboratoryjnego) na numer konta bankowego: <strong>72 1020 1042 0000 8802 0010 5692<\/strong><\/li>\n<\/ol>\n\n\n\n<p class=\"gtfy-110\"><strong>Potwierdzenie zgodno\u015bci kserokopii danego dokumentu z orygina\u0142em mo\u017cna uzyska\u0107 u notariusza.<\/strong><\/p>\n\n\n\n<p class=\"gutenify-section-726d9b00-e81f-11ee-8ce1-09de501e6bee gtfy-114\">Dokumenty wydane wnioskodawcy w formie elektronicznej, opatrzone kwalifikowanym podpisem elektronicznym, b\u0119d\u0105 przyjmowane jako uzupe\u0142nienie wniosku o wpis na list\u0119 diagnost\u00f3w. Za\u0142\u0105czniki w formie elektronicznej mo\u017cna przesy\u0142a\u0107 na adres: diagnosci2@kidl.org.pl lub na elektroniczn\u0105 skrzynk\u0119 podawcz\u0105 w systemie EPUAP pod adresem \/KIDL\/kancelaria\u201d<\/p>\n\n\n\n<p class=\"gtfy-118\"><mark style=\"background-color:rgba(0, 0, 0, 0);color:#cf2e2e\" class=\"has-inline-color\">Proces uzyskiwania PWZDL trwa od xx do xx dni od daty wp\u0142ywu kompletu dokument\u00f3w.<\/mark>???<\/p>\n\n\n\n<h2 class=\"wp-block-heading gtfy-122\"><strong>III. Zrzeczenie si\u0119 Prawa Wykonywania Zawodu Diagnosty <\/strong><br><strong>Laboratoryjnego i skre\u015blenie z Rejestru Diagnost\u00f3w Laboratoryjnych<\/strong><\/h2>\n\n\n\n<p class=\"gtfy-126\">Diagnosta laboratoryjny traci prawo wykonywania zawodu i zostaje skre\u015blony z rejestru diagnost\u00f3w na mocy uchwa\u0142y Krajowej Rady Diagnost\u00f3w Laboratoryjnych lub Prezydium Krajowej Rady Diagnost\u00f3w Laboratoryjnych w przypadku zrzeczenia si\u0119 prawa wykonywania zawodu diagnosty laboratoryjnego.<\/p>\n\n\n\n<p class=\"gtfy-130\">Diagnosta laboratoryjny, kt\u00f3ry chce zrzec si\u0119 prawa wykonywania zawodu diagnosty laboratoryjnego i w konsekwencji zosta\u0107 skre\u015blony z rejestru diagnost\u00f3w skre\u015blony powinien z\u0142o\u017cy\u0107 dokument:<\/p>\n\n\n\n<ol class=\"wp-block-list gtfy-137\">\n<li class=\"gtfy-134 gutenify-list-item\">O\u015bwiadczenie o zrzeczeniu si\u0119 prawa wykonywania zawodu diagnosty laboratoryjnego oraz wniosek o skre\u015blenie z rejestru diagnost\u00f3w laboratoryjnych.<\/li>\n\n\n\n<li class=\"gtfy-135 gutenify-list-item\">Do\u0142\u0105czy\u0107 dokument \u201ePrawo Wykonywania Zawodu Diagnosty Laboratoryjnego\u201d &#8211; KIDL zwr\u00f3ci go po dostawieniu piecz\u0105tki \u201eDOKUMENT ANULOWANY\u201d. <mark style=\"background-color:rgba(0, 0, 0, 0)\" class=\"has-inline-color has-primary-color\">Co w przypadku poliw\u0119glan\u00f3w? Piecz\u0105tka raczej ma\u0142o skuteczna. Proponuj\u0119 podj\u0105\u0107 uchwa\u0142\u0119 by dokument anulowa\u0107 w spos\u00f3b podobny d<\/mark>o starych dowod\u00f3w osobistych &#8211; uci\u0119cie kraw\u0119dzi.<\/li>\n\n\n\n<li class=\"gtfy-136 gutenify-list-item\">Uregulowa\u0107 ewentualne brakuj\u0105ce sk\u0142adki cz\u0142onkowskie do miesi\u0105ca, w kt\u00f3rym zostanie z\u0142o\u017cony wniosek o skre\u015blenie \u2013 do\u0142\u0105czy\u0107 kopi\u0119 dowodu wp\u0142aty.<\/li>\n<\/ol>\n\n\n\n<p class=\"gtfy-141\"><strong>Czytelnie wype\u0142niony wniosek wraz z kompletem dokument\u00f3w prosimy przesy\u0142a\u0107 na adres biura KIDL.<\/strong> <mark style=\"background-color:rgba(0, 0, 0, 0);color:#cf2e2e\" class=\"has-inline-color\">Warunkiem skre\u015blenia z listy diagnost\u00f3w jest z\u0142o\u017cenie wymienionego w punkcie 1 wniosku o skre\u015blenie z listy diagnost\u00f3w oraz zwrot orygina\u0142u prawa wykonywania zawodu diagnosty laboratoryjnego lub o\u015bwiadczenia o braku takiej mo\u017cliwo\u015bci.<\/mark><br><\/p>\n\n\n\n<h2 class=\"wp-block-heading gtfy-145\"><strong>IV. Uznawanie kwalifikacji zawodowych<\/strong><\/h2>\n\n\n\n<p class=\"gtfy-149\"><strong>Podstawa prawna:<\/strong>&nbsp;<a href=\"https:\/\/kidl.org.pl\/get-file\/13644\">Uchwa\u0142a Nr 142\/VI\/2023 Krajowej Rady Diagnost\u00f3w Laboratoryjnych z dnia 7 grudnia 2023 roku w sprawie okre\u015blania zasad i trybu wydawania za\u015bwiadcze\u0144 o posiadanych kwalifikacjach do wykonywania zawodu diagnosty laboratoryjnego oraz zasad uznawania kwalifikacji w zawodzie diagnosty laboratoryjnego<\/a>. <em>W za\u0142\u0105czonej uchwale znajduj\u0105 si\u0119 za\u0142\u0105czniki.<\/em><\/p>\n\n\n\n<p class=\"gtfy-153\">Post\u0119powanie uznawania kwalifikacji w zawodzie diagnosty laboratoryjnego podlega op\u0142acie na podstawie ustawy z dnia 22 grudnia 2015 roku o zasadach uznawania kwalifikacji zawodowych nabytych w pa\u0144stwach cz\u0142onkowskich Unii Europejskiej (Dz.U. z 2016 r. poz. 65), kt\u00f3r\u0105 wnosi si\u0119 na rzecz organu tj. Krajowej Rady Diagnost\u00f3w Laboratoryjnych, a na rachunek bankowy Krajowej Izby Diagnost\u00f3w Laboratoryjnych \u2013&nbsp;<strong>o numerze 72 1020 1042 0000 8802 0010 5692,<\/strong> w nast\u0119puj\u0105cej wysoko\u015bci:<\/p>\n\n\n\n<p class=\"gtfy-157\"><\/p>\n\n\n\n<ol class=\"wp-block-list gtfy-163\">\n<li class=\"gtfy-161 gutenify-list-item\">za wydanie za\u015bwiadczenia pobiera si\u0119 op\u0142at\u0119 w wysoko\u015bci 3% minimalnego wynagrodzenia za prac\u0119 ustalonego na podstawie przepis\u00f3w ustawy z dnia 10 pa\u017adziernika 2002 r. o minimalnym wynagrodzeniu za prac\u0119, obowi\u0105zuj\u0105cego w roku wydania za\u015bwiadczenia. Op\u0142at\u0119 wnosi si\u0119 na rachunek bankowy Krajowej Izby Diagnost\u00f3w Laboratoryjnych,&nbsp;<strong>obowi\u0105zuj\u0105cego w roku wydania za\u015bwiadczenia<\/strong>. Za wydanie za\u015bwiadczenia potwierdzaj\u0105cego posiadanie przez osob\u0119 kwalifikacji zawodowych w celu uznania tych kwalifikacji w pa\u0144stwie cz\u0142onkowskim pobiera si\u0119<strong>&nbsp;op\u0142at\u0119 w wysoko\u015bci <mark style=\"background-color:rgba(0, 0, 0, 0);color:#cf2e2e\" class=\"has-inline-color\">139,98 z\u0142otych<\/mark><\/strong>, <em>tytu\u0142em: wydanie za\u015bwiadczenia o posiadanych kwalifikacjach do wykonywania zawodu diagnosty laboratoryjnego<\/em><\/li>\n\n\n\n<li class=\"gtfy-162 gutenify-list-item\">za przeprowadzenie post\u0119powania i wydanie decyzji w sprawie uznania kwalifikacji zawodowych do wykonywania zawodu diagnosty laboratoryjnego, zwanej dalej &#8222;decyzj\u0105 w sprawie uznania kwalifikacji&#8221;, podlega op\u0142acie w wysoko\u015bci 35% minimalnego wynagrodzenia za prac\u0119, ustalonego na podstawie przepis\u00f3w ustawy z dnia 10 pa\u017adziernika 2002 r. o minimalnym wynagrodzeniu za prac\u0119, obowi\u0105zuj\u0105cego w roku wszcz\u0119cia post\u0119powania. Op\u0142at\u0119 wnosi si\u0119 na rachunek bankowy Krajowej Izby Diagnost\u00f3w Laboratoryjnych. Za przeprowadzenie post\u0119powania i wydanie decyzji w sprawie uznania kwalifikacji zawodowych do wykonywania zawodu regulowanego albo podejmowania lub wykonywania dzia\u0142alno\u015bci regulowanej, pobiera si\u0119&nbsp;<strong>pobiera si\u0119 op\u0142at\u0119 w wysoko\u015bci 1633,10 z\u0142otych, <\/strong><em>tytu\u0142em<\/em><em>: wydanie decyzji w sprawie uznania kwalifikacji do wykonywania zawodu regulowanego diagnosta laboratoryjny<\/em><\/li>\n<\/ol>\n\n\n\n<h2 class=\"wp-block-heading gtfy-167\"><strong>V. Przerwa w wykonywaniu czynno\u015bci medycyny laboratoryjnej przez okres powy\u017cej 5 lat<\/strong><\/h2>\n\n\n\n<p class=\"gtfy-171\">Diagnosta laboratoryjny, kt\u00f3ry nie wykonuje czynno\u015bci z zakresu medycyny laboratoryjnej przez okres przekraczaj\u0105cy 5 lat w ci\u0105gu ostatnich 6 lat oraz osoba, kt\u00f3ra po uko\u0144czeniu studi\u00f3w na kierunku analityka medyczna lub medycyna laboratoryjna nie z\u0142o\u017cy\u0142a w okresie 5 lat od uko\u0144czenia studi\u00f3w wniosku o przyznanie prawa wykonywania zawodu diagnosty laboratoryjnego, przed podj\u0119ciem czynno\u015bci medycyny laboratoryjnej ma obowi\u0105zek spe\u0142ni\u0107 dyspozycj\u0119 art. 17 ust. 1 ustawy z dnia 15 wrze\u015bnia 2022 r. o medycynie laboratoryjnej, tj. odby\u0107 przeszkolenie.<\/p>\n\n\n\n<p class=\"gtfy-175\">Przeszkolenie ko\u0144czy rozmowa weryfikuj\u0105ca w KIDL.<\/p>\n\n\n\n<p class=\"gtfy-179\"><a href=\"https:\/\/kidl.org.pl\/get-file\/13632\">Uchwa\u0142a Nr 136\/VI\/2023 Krajowej Rady Diagnost\u00f3w Laboratoryjnych z dnia 7 grudnia 2023 roku w sprawie ustalenia zasad odbywania przeszkolenia diagnosty laboratoryjnego, kt\u00f3ry nie wykonuje czynno\u015bci medycyny laboratoryjnej przez okres przekraczaj\u0105cy 5 lat oraz osoby, kt\u00f3ra po uko\u0144czeniu studi\u00f3w na kierunku analityka medyczna lub medycyna laboratoryjna nie z\u0142o\u017cy\u0142a w okresie 5 lat od uko\u0144czenia studi\u00f3w wniosku o przyznanie prawa wykonywania zawodu diagnosty laboratoryjnego oraz w sprawie ustalenia programu przeszkolenia<\/a><\/p>\n","protected":false},"excerpt":{"rendered":"<p>Pytania dotycz\u0105ce procedur zawartych na niniejszej podstronie nale\u017cy kierowa\u0107 do Dzia\u0142u Ewidencji Diagnost\u00f3w Laboratoryjnych (e-mail: [&hellip;]<\/p>\n","protected":false},"author":1,"featured_media":0,"parent":0,"menu_order":0,"comment_status":"closed","ping_status":"closed","template":"","meta":{"footnotes":""},"class_list":["post-122","page","type-page","status-publish","hentry"],"_links":{"self":[{"href":"https:\/\/new.kidl.org.pl\/index.php?rest_route=\/wp\/v2\/pages\/122","targetHints":{"allow":["GET"]}}],"collection":[{"href":"https:\/\/new.kidl.org.pl\/index.php?rest_route=\/wp\/v2\/pages"}],"about":[{"href":"https:\/\/new.kidl.org.pl\/index.php?rest_route=\/wp\/v2\/types\/page"}],"author":[{"embeddable":true,"href":"https:\/\/new.kidl.org.pl\/index.php?rest_route=\/wp\/v2\/users\/1"}],"replies":[{"embeddable":true,"href":"https:\/\/new.kidl.org.pl\/index.php?rest_route=%2Fwp%2Fv2%2Fcomments&post=122"}],"version-history":[{"count":8,"href":"https:\/\/new.kidl.org.pl\/index.php?rest_route=\/wp\/v2\/pages\/122\/revisions"}],"predecessor-version":[{"id":634,"href":"https:\/\/new.kidl.org.pl\/index.php?rest_route=\/wp\/v2\/pages\/122\/revisions\/634"}],"wp:attachment":[{"href":"https:\/\/new.kidl.org.pl\/index.php?rest_route=%2Fwp%2Fv2%2Fmedia&parent=122"}],"curies":[{"name":"wp","href":"https:\/\/api.w.org\/{rel}","templated":true}]}}